{"id":596568,"date":"2025-11-12T19:45:45","date_gmt":"2025-11-12T18:45:45","guid":{"rendered":"https:\/\/larome-paris.com\/?page_id=596568"},"modified":"2025-11-12T19:45:47","modified_gmt":"2025-11-12T18:45:47","slug":"accueil-nouveau-2","status":"publish","type":"page","link":"https:\/\/larome-paris.com\/en\/","title":{"rendered":"Home &#8211; new"},"content":{"rendered":"<div id=\"pl-596568\"  class=\"panel-layout\" ><div id=\"pg-596568-0\"  class=\"panel-grid panel-has-style\" ><div class=\"siteorigin-panels-stretch panel-row-style panel-row-style-for-596568-0\" data-stretch-type=\"full-width-stretch\" ><div id=\"pgc-596568-0-0\"  class=\"panel-grid-cell\" ><div id=\"panel-596568-0-0-1\" class=\"so-panel widget widget_sow-hero panel-last-child\" data-index=\"1\" ><div class=\"slider-mobile panel-widget-style panel-widget-style-for-596568-0-0-1\" ><div\n\t\t\t\n\t\t\tclass=\"so-widget-sow-hero so-widget-sow-hero-default-a2364c88bab6-596568 so-widget-fittext-wrapper\"\n\t\t\t\n\t\t>\t\t\t\t<div class=\"sow-slider-base\" style=\"display: none\" tabindex=\"0\">\n\t\t\t\t\t<ul\n\t\t\t\t\tclass=\"sow-slider-images\"\n\t\t\t\t\tdata-settings=\"{&quot;pagination&quot;:true,&quot;speed&quot;:800,&quot;timeout&quot;:8000,&quot;paused&quot;:false,&quot;pause_on_hover&quot;:false,&quot;swipe&quot;:true,&quot;nav_always_show_desktop&quot;:&quot;&quot;,&quot;nav_always_show_mobile&quot;:&quot;&quot;,&quot;breakpoint&quot;:&quot;780px&quot;,&quot;unmute&quot;:false,&quot;anchor&quot;:null}\"\n\t\t\t\t\tstyle=\"min-height: 100vh\"\t\t\t\t\tdata-anchor-id=\"\"\n\t\t\t\t>\t\t<li class=\"sow-slider-image  sow-slider-image-cover\" style=\"visibility: visible;;background-color: #333333;background-image: url(https:\/\/larome-paris.com\/wp-content\/uploads\/2025\/11\/slider-home-mobile-768x768-1-2.jpg);cursor: pointer;\" data-url=\"{&quot;url&quot;:&quot;https:\\\/\\\/larome-paris.com\\\/reservations\\\/&quot;,&quot;new_window&quot;:false}\" >\n\t\t\t\t\t<div class=\"sow-slider-image-container\">\n\t\t\t<div class=\"sow-slider-image-wrapper\">\n\t\t\t\t\t\t\t<\/div>\n\t\t<\/div>\n\t\t\t\t<\/li>\n\t\t\t\t<li class=\"sow-slider-image  sow-slider-image-cover\" style=\"visibility: hidden;;background-color: #333333;cursor: pointer;\" data-background=\"url(https:\/\/larome-paris.com\/wp-content\/uploads\/2025\/11\/slider-home-mobile-768x768-3.jpg)\" data-url=\"{&quot;url&quot;:&quot;https:\\\/\\\/larome-paris.com\\\/reservations\\\/&quot;,&quot;new_window&quot;:false}\" >\n\t\t\t\t\t<div class=\"sow-slider-image-container\">\n\t\t\t<div class=\"sow-slider-image-wrapper\">\n\t\t\t\t\t\t\t<\/div>\n\t\t<\/div>\n\t\t\t\t<\/li>\n\t\t\t\t<li class=\"sow-slider-image  sow-slider-image-cover\" style=\"visibility: hidden;;background-color: #333333;cursor: pointer;\" data-background=\"url(https:\/\/larome-paris.com\/wp-content\/uploads\/2025\/11\/4.jpg)\" data-url=\"{&quot;url&quot;:&quot;https:\\\/\\\/larome-paris.com\\\/reservations\\\/&quot;,&quot;new_window&quot;:false}\" >\n\t\t\t\t\t<div class=\"sow-slider-image-container\">\n\t\t\t<div class=\"sow-slider-image-wrapper\">\n\t\t\t\t\t\t\t<\/div>\n\t\t<\/div>\n\t\t\t\t<\/li>\n\t\t<\/ul>\t\t\t\t<ol class=\"sow-slider-pagination\">\n\t\t\t\t\t\t\t\t\t\t\t<li><a href=\"#\" data-goto=\"0\" aria-label=\"Display slide 1\"><\/a><\/li>\n\t\t\t\t\t\t\t\t\t\t\t<li><a href=\"#\" data-goto=\"1\" aria-label=\"Display slide 2\"><\/a><\/li>\n\t\t\t\t\t\t\t\t\t\t\t<li><a href=\"#\" data-goto=\"2\" aria-label=\"Display slide 3\"><\/a><\/li>\n\t\t\t\t\t\t\t\t\t<\/ol>\n\n\t\t\t\t<div class=\"sow-slide-nav sow-slide-nav-next\">\n\t\t\t\t\t<a href=\"#\" data-goto=\"next\" aria-label=\"Next slide\" data-action=\"next\">\n\t\t\t\t\t\t<em class=\"sow-sld-icon-thin-right\"><\/em>\n\t\t\t\t\t<\/a>\n\t\t\t\t<\/div>\n\n\t\t\t\t<div class=\"sow-slide-nav sow-slide-nav-prev\">\n\t\t\t\t\t<a href=\"#\" data-goto=\"previous\" aria-label=\"Previous slide\" data-action=\"prev\">\n\t\t\t\t\t\t<em class=\"sow-sld-icon-thin-left\"><\/em>\n\t\t\t\t\t<\/a>\n\t\t\t\t<\/div>\n\t\t\t\t<\/div><\/div><\/div><\/div><\/div><\/div><\/div><div id=\"pg-596568-1\"  class=\"panel-grid panel-has-style\" ><div class=\"home-section theme1 siteorigin-panels-stretch panel-row-style panel-row-style-for-596568-1\" data-stretch-type=\"full-width-stretch\" ><div id=\"pgc-596568-1-0\"  class=\"panel-grid-cell\" ><div id=\"panel-596568-1-0-0\" class=\"so-panel widget widget_sow-image panel-first-child panel-last-child\" data-index=\"2\" ><div\n\t\t\t\n\t\t\tclass=\"so-widget-sow-image so-widget-sow-image-default-334eeca80698-596568\"\n\t\t\t\n\t\t>\n<div class=\"sow-image-container\">\n\t\t<img \n\tsrc=\"https:\/\/larome-paris.com\/wp-content\/uploads\/2025\/09\/l-arome-thomas-boullault.png\" width=\"640\" height=\"718\" srcset=\"https:\/\/larome-paris.com\/wp-content\/uploads\/2025\/09\/l-arome-thomas-boullault.png 640w, https:\/\/larome-paris.com\/wp-content\/uploads\/2025\/09\/l-arome-thomas-boullault-267x300.png 267w\" sizes=\"(max-width: 640px) 100vw, 640px\" title=\"Thomas Boullault\" alt=\"Thomas Boullault\" \t\tclass=\"so-widget-image\"\/>\n\t<\/div>\n\n<\/div><\/div><\/div><div id=\"pgc-596568-1-1\"  class=\"panel-grid-cell\" ><div class=\"texte-home panel-cell-style panel-cell-style-for-596568-1-1\" ><div id=\"panel-596568-1-1-0\" class=\"so-panel widget widget_sow-headline panel-first-child\" data-index=\"3\" ><div class=\"panel-widget-style panel-widget-style-for-596568-1-1-0\" ><div\n\t\t\t\n\t\t\tclass=\"so-widget-sow-headline so-widget-sow-headline-default-241fc9db6acb-596568 so-widget-fittext-wrapper\"\n\t\t\t data-fit-text-compressor=\"0.04\"\n\t\t><div class=\"sow-headline-container \">\n\t\t\t\t\t\t\t<h2 class=\"sow-headline\">\n\t\t\t\t\t\tThe chef\t\t\t\t\t\t<\/h2>\n\t\t\t\t\t\t<\/div>\n<\/div><\/div><\/div><div id=\"panel-596568-1-1-1\" class=\"so-panel widget widget_sow-editor panel-last-child\" data-index=\"4\" ><div class=\"has-button panel-widget-style panel-widget-style-for-596568-1-1-1\" ><div\n\t\t\t\n\t\t\tclass=\"so-widget-sow-editor so-widget-sow-editor-base\"\n\t\t\t\n\t\t>\n<div class=\"siteorigin-widget-tinymce textwidget\">\n\t<p>From Sologne to Paris, Thomas Boullault crafts a Michelin-starred cuisine that is both authentic and exacting, where indulgence, the precision of sauces, and a love for fine ingredients tell the story of a French gastronomy that is timeless yet inspired.<\/p>\n<p><a href=\"https:\/\/larome-paris.com\/en\/the-chef\/\">Learn more<\/a><\/p>\n<\/div>\n<\/div><\/div><\/div><\/div><\/div><\/div><\/div><div id=\"pg-596568-2\"  class=\"panel-grid panel-has-style\" ><div class=\"home-section theme1 siteorigin-panels-stretch panel-row-style panel-row-style-for-596568-2\" data-stretch-type=\"full-width-stretch\" ><div id=\"pgc-596568-2-0\"  class=\"panel-grid-cell\" ><div class=\"texte-home panel-cell-style panel-cell-style-for-596568-2-0\" ><div id=\"panel-596568-2-0-0\" class=\"so-panel widget widget_sow-headline panel-first-child\" data-index=\"5\" ><div class=\"panel-widget-style panel-widget-style-for-596568-2-0-0\" ><div\n\t\t\t\n\t\t\tclass=\"so-widget-sow-headline so-widget-sow-headline-default-71fcbacb52a6-596568 so-widget-fittext-wrapper\"\n\t\t\t data-fit-text-compressor=\"0.04\"\n\t\t><div class=\"sow-headline-container \">\n\t\t\t\t\t\t\t<h2 class=\"sow-headline\">\n\t\t\t\t\t\tL'Ar\u00f4me, Michelin-starred since 2009\t\t\t\t\t\t<\/h2>\n\t\t\t\t\t\t<\/div>\n<\/div><\/div><\/div><div id=\"panel-596568-2-0-1\" class=\"so-panel widget widget_sow-editor panel-last-child\" data-index=\"6\" ><div class=\"has-button panel-widget-style panel-widget-style-for-596568-2-0-1\" ><div\n\t\t\t\n\t\t\tclass=\"so-widget-sow-editor so-widget-sow-editor-base\"\n\t\t\t\n\t\t>\n<div class=\"siteorigin-widget-tinymce textwidget\">\n\t<p>Just a stone\u2019s throw from the Champs-\u00c9lys\u00e9es, in the heart of the 8th arrondissement, L\u2019Ar\u00f4me welcomes you into an intimate, warmly lit setting with golden hues.<br \/>Here, discover Chef Thomas Boullault and his brigade at work in a live, open kitchen \u2014 where excellence meets elegance and vitality.<\/p>\n<p>More than just a restaurant, it is a home \u2014 one that welcomes you with generosity and care, offering a singular experience that leaves a lasting impression and a gentle desire to return.<\/p>\n<p><a href=\"https:\/\/larome-paris.com\/en\/the-restaurant\/\">Learn more<\/a><\/p>\n<\/div>\n<\/div><\/div><\/div><\/div><\/div><div id=\"pgc-596568-2-1\"  class=\"panel-grid-cell\" ><div id=\"panel-596568-2-1-0\" class=\"so-panel widget widget_sow-image panel-first-child panel-last-child\" data-index=\"7\" ><div\n\t\t\t\n\t\t\tclass=\"so-widget-sow-image so-widget-sow-image-default-334eeca80698-596568\"\n\t\t\t\n\t\t>\n<div class=\"sow-image-container\">\n\t\t<img \n\tsrc=\"https:\/\/larome-paris.com\/wp-content\/uploads\/2025\/09\/l-arome-salle.png\" width=\"640\" height=\"718\" srcset=\"https:\/\/larome-paris.com\/wp-content\/uploads\/2025\/09\/l-arome-salle.png 640w, https:\/\/larome-paris.com\/wp-content\/uploads\/2025\/09\/l-arome-salle-267x300.png 267w\" sizes=\"(max-width: 640px) 100vw, 640px\" alt=\"\" \t\tclass=\"so-widget-image\"\/>\n\t<\/div>\n\n<\/div><\/div><\/div><\/div><\/div><div id=\"pg-596568-3\"  class=\"panel-grid panel-has-style\" ><div class=\"siteorigin-panels-stretch panel-row-style panel-row-style-for-596568-3\" data-stretch-type=\"full-width-stretch\" ><div id=\"pgc-596568-3-0\"  class=\"panel-grid-cell\" ><div id=\"panel-596568-3-0-0\" class=\"so-panel widget widget_foogallery_widget foogallery_widget panel-first-child panel-last-child\" data-index=\"8\" ><style type=\"text\/css\">\n#foogallery-gallery-596704.fg-masonry { --fg-gutter: 10px; }<\/style>\n\t\t\t<div class=\"foogallery foogallery-container foogallery-masonry foogallery-lightbox-foogallery fg-center fg-masonry fg-ready fg-light fg-loading-default fg-loaded-scale-up fg-hover-fade fg-hover-zoom fg-col3\" id=\"foogallery-gallery-596704\" data-foogallery=\"{&quot;item&quot;:{&quot;showCaptionTitle&quot;:true,&quot;showCaptionDescription&quot;:true},&quot;lazy&quot;:true,&quot;template&quot;:{&quot;horizontalOrder&quot;:true}}\" data-foogallery-lightbox=\"{&quot;thumbs&quot;:&quot;bottom&quot;,&quot;thumbsCaptions&quot;:false,&quot;thumbsBestFit&quot;:false,&quot;thumbsSmall&quot;:false,&quot;thumbsCaptionsAlign&quot;:&quot;default&quot;,&quot;info&quot;:&quot;bottom&quot;,&quot;infoVisible&quot;:true,&quot;infoOverlay&quot;:true,&quot;infoAlign&quot;:&quot;default&quot;,&quot;transition&quot;:&quot;fade&quot;,&quot;hoverButtons&quot;:false,&quot;fitMedia&quot;:false,&quot;noScrollbars&quot;:true,&quot;preserveButtonSpace&quot;:true,&quot;buttons&quot;:{&quot;fullscreen&quot;:true,&quot;info&quot;:true,&quot;thumbs&quot;:false},&quot;video&quot;:{&quot;autoPlay&quot;:true}}\" style=\"--fg-title-line-clamp: 0; --fg-description-line-clamp: 0;\" >\n\t\t<div class=\"fg-column-width\"><\/div>\n\t<div class=\"fg-gutter-width\"><\/div>\n\t\t<div class=\"fg-item fg-type-image fg-idle\"><figure class=\"fg-item-inner\"><a href=\"https:\/\/larome-paris.com\/wp-content\/uploads\/2025\/09\/restaurant-l-arome-paris_B0023545.jpg\" data-attachment-id=\"596734\" data-type=\"image\" class=\"fg-thumb\"><span class=\"fg-image-wrap\"><img fetchpriority=\"high\" decoding=\"async\" width=\"650\" height=\"867\" class=\"skip-lazy fg-image\" data-no-lazy=\"1\" data-src-fg=\"https:\/\/larome-paris.com\/wp-content\/uploads\/cache\/2025\/09\/restaurant-l-arome-paris_B0023545\/951446789.jpg\" src=\"data:image\/svg+xml,%3Csvg%20xmlns%3D%22http%3A%2F%2Fwww.w3.org%2F2000%2Fsvg%22%20width%3D%22650%22%20height%3D%22867%22%20viewBox%3D%220%200%20650%20867%22%3E%3C%2Fsvg%3E\" loading=\"eager\"><\/span><span class=\"fg-image-overlay\"><\/span><\/a><\/figure><div class=\"fg-loader\"><\/div><\/div><div class=\"fg-item fg-type-image fg-idle\"><figure class=\"fg-item-inner\"><a href=\"https:\/\/larome-paris.com\/wp-content\/uploads\/2025\/09\/restaurant-l-arome-paris_B0032898.jpg\" data-attachment-id=\"596714\" data-type=\"image\" class=\"fg-thumb\"><span class=\"fg-image-wrap\"><img decoding=\"async\" width=\"650\" height=\"867\" class=\"skip-lazy fg-image\" data-no-lazy=\"1\" data-src-fg=\"https:\/\/larome-paris.com\/wp-content\/uploads\/cache\/2025\/09\/restaurant-l-arome-paris_B0032898\/1415136999.jpg\" src=\"data:image\/svg+xml,%3Csvg%20xmlns%3D%22http%3A%2F%2Fwww.w3.org%2F2000%2Fsvg%22%20width%3D%22650%22%20height%3D%22867%22%20viewBox%3D%220%200%20650%20867%22%3E%3C%2Fsvg%3E\" loading=\"eager\"><\/span><span class=\"fg-image-overlay\"><\/span><\/a><\/figure><div class=\"fg-loader\"><\/div><\/div><div class=\"fg-item fg-type-image fg-idle\"><figure class=\"fg-item-inner\"><a href=\"https:\/\/larome-paris.com\/wp-content\/uploads\/2025\/09\/restaurant-l-arome-paris_B0029622.jpg\" data-attachment-id=\"596706\" data-type=\"image\" class=\"fg-thumb\"><span class=\"fg-image-wrap\"><img decoding=\"async\" width=\"650\" height=\"852\" class=\"skip-lazy fg-image\" data-no-lazy=\"1\" data-src-fg=\"https:\/\/larome-paris.com\/wp-content\/uploads\/cache\/2025\/09\/restaurant-l-arome-paris_B0029622\/2540647451.jpg\" src=\"data:image\/svg+xml,%3Csvg%20xmlns%3D%22http%3A%2F%2Fwww.w3.org%2F2000%2Fsvg%22%20width%3D%22650%22%20height%3D%22852%22%20viewBox%3D%220%200%20650%20852%22%3E%3C%2Fsvg%3E\" loading=\"eager\"><\/span><span class=\"fg-image-overlay\"><\/span><\/a><\/figure><div class=\"fg-loader\"><\/div><\/div><div class=\"fg-item fg-type-image fg-idle\"><figure class=\"fg-item-inner\"><a href=\"https:\/\/larome-paris.com\/wp-content\/uploads\/2025\/09\/restaurant-l-arome-paris_B0041685-3.jpg\" data-attachment-id=\"596718\" data-type=\"image\" class=\"fg-thumb\"><span class=\"fg-image-wrap\"><img decoding=\"async\" width=\"650\" height=\"867\" class=\"skip-lazy fg-image\" data-no-lazy=\"1\" data-src-fg=\"https:\/\/larome-paris.com\/wp-content\/uploads\/cache\/2025\/09\/restaurant-l-arome-paris_B0041685-3\/3636803363.jpg\" src=\"data:image\/svg+xml,%3Csvg%20xmlns%3D%22http%3A%2F%2Fwww.w3.org%2F2000%2Fsvg%22%20width%3D%22650%22%20height%3D%22867%22%20viewBox%3D%220%200%20650%20867%22%3E%3C%2Fsvg%3E\" loading=\"eager\"><\/span><span class=\"fg-image-overlay\"><\/span><\/a><\/figure><div class=\"fg-loader\"><\/div><\/div><div class=\"fg-item fg-type-image fg-idle\"><figure class=\"fg-item-inner\"><a href=\"https:\/\/larome-paris.com\/wp-content\/uploads\/2025\/09\/restaurant-l-arome-paris_Veau_L_Arome_Paris.jpg\" data-attachment-id=\"596730\" data-type=\"image\" class=\"fg-thumb\"><span class=\"fg-image-wrap\"><img decoding=\"async\" width=\"650\" height=\"867\" class=\"skip-lazy fg-image\" data-no-lazy=\"1\" data-src-fg=\"https:\/\/larome-paris.com\/wp-content\/uploads\/cache\/2025\/09\/restaurant-l-arome-paris_Veau_L_Arome_Paris\/1985591756.jpg\" src=\"data:image\/svg+xml,%3Csvg%20xmlns%3D%22http%3A%2F%2Fwww.w3.org%2F2000%2Fsvg%22%20width%3D%22650%22%20height%3D%22867%22%20viewBox%3D%220%200%20650%20867%22%3E%3C%2Fsvg%3E\" loading=\"eager\"><\/span><span class=\"fg-image-overlay\"><\/span><\/a><\/figure><div class=\"fg-loader\"><\/div><\/div><div class=\"fg-item fg-type-image fg-idle\"><figure class=\"fg-item-inner\"><a href=\"https:\/\/larome-paris.com\/wp-content\/uploads\/2025\/09\/restaurant-l-arome-paris_DSC_8267.jpg\" data-attachment-id=\"596726\" data-type=\"image\" class=\"fg-thumb\"><span class=\"fg-image-wrap\"><img decoding=\"async\" width=\"650\" height=\"975\" class=\"skip-lazy fg-image\" data-no-lazy=\"1\" data-src-fg=\"https:\/\/larome-paris.com\/wp-content\/uploads\/cache\/2025\/09\/restaurant-l-arome-paris_DSC_8267\/2163234334.jpg\" src=\"data:image\/svg+xml,%3Csvg%20xmlns%3D%22http%3A%2F%2Fwww.w3.org%2F2000%2Fsvg%22%20width%3D%22650%22%20height%3D%22975%22%20viewBox%3D%220%200%20650%20975%22%3E%3C%2Fsvg%3E\" loading=\"eager\"><\/span><span class=\"fg-image-overlay\"><\/span><\/a><\/figure><div class=\"fg-loader\"><\/div><\/div><div class=\"fg-item fg-type-image fg-idle\"><figure class=\"fg-item-inner\"><a href=\"https:\/\/larome-paris.com\/wp-content\/uploads\/2025\/09\/restaurant-l-arome-paris_B0029679_2.jpg\" data-attachment-id=\"596710\" data-type=\"image\" class=\"fg-thumb\"><span class=\"fg-image-wrap\"><img decoding=\"async\" width=\"650\" height=\"867\" class=\"skip-lazy fg-image\" data-no-lazy=\"1\" data-src-fg=\"https:\/\/larome-paris.com\/wp-content\/uploads\/cache\/2025\/09\/restaurant-l-arome-paris_B0029679_2\/1244017451.jpg\" src=\"data:image\/svg+xml,%3Csvg%20xmlns%3D%22http%3A%2F%2Fwww.w3.org%2F2000%2Fsvg%22%20width%3D%22650%22%20height%3D%22867%22%20viewBox%3D%220%200%20650%20867%22%3E%3C%2Fsvg%3E\" loading=\"eager\"><\/span><span class=\"fg-image-overlay\"><\/span><\/a><\/figure><div class=\"fg-loader\"><\/div><\/div><div class=\"fg-item fg-type-image fg-idle\"><figure class=\"fg-item-inner\"><a href=\"https:\/\/larome-paris.com\/wp-content\/uploads\/2025\/09\/restaurant-l-arome-paris_d24edc74-4aeb-49f3-8266-99781c0ad484.jpg\" data-attachment-id=\"596722\" data-type=\"image\" class=\"fg-thumb\"><span class=\"fg-image-wrap\"><img decoding=\"async\" width=\"650\" height=\"867\" class=\"skip-lazy fg-image\" data-no-lazy=\"1\" data-src-fg=\"https:\/\/larome-paris.com\/wp-content\/uploads\/cache\/2025\/09\/restaurant-l-arome-paris_d24edc74-4aeb-49f3-8266-99781c0ad484\/2767670335.jpg\" src=\"data:image\/svg+xml,%3Csvg%20xmlns%3D%22http%3A%2F%2Fwww.w3.org%2F2000%2Fsvg%22%20width%3D%22650%22%20height%3D%22867%22%20viewBox%3D%220%200%20650%20867%22%3E%3C%2Fsvg%3E\" loading=\"eager\"><\/span><span class=\"fg-image-overlay\"><\/span><\/a><\/figure><div class=\"fg-loader\"><\/div><\/div><div class=\"fg-item fg-type-image fg-idle\"><figure class=\"fg-item-inner\"><a href=\"https:\/\/larome-paris.com\/wp-content\/uploads\/2025\/09\/restaurant-l-arome-paris_B0025354-1.jpg\" data-attachment-id=\"596738\" data-type=\"image\" class=\"fg-thumb\"><span class=\"fg-image-wrap\"><img decoding=\"async\" width=\"650\" height=\"867\" class=\"skip-lazy fg-image\" data-no-lazy=\"1\" data-src-fg=\"https:\/\/larome-paris.com\/wp-content\/uploads\/cache\/2025\/09\/restaurant-l-arome-paris_B0025354-1\/3548264479.jpg\" src=\"data:image\/svg+xml,%3Csvg%20xmlns%3D%22http%3A%2F%2Fwww.w3.org%2F2000%2Fsvg%22%20width%3D%22650%22%20height%3D%22867%22%20viewBox%3D%220%200%20650%20867%22%3E%3C%2Fsvg%3E\" loading=\"eager\"><\/span><span class=\"fg-image-overlay\"><\/span><\/a><\/figure><div class=\"fg-loader\"><\/div><\/div><\/div><\/div><\/div><\/div><\/div><\/div>","protected":false},"excerpt":{"rendered":"<p>From Sologne to Paris, Thomas Boullault crafts a Michelin-starred cuisine that is both authentic and exacting, where indulgence, the precision of sauces, and a love [&hellip;]<\/p>\n","protected":false},"author":1,"featured_media":0,"parent":0,"menu_order":3,"comment_status":"closed","ping_status":"closed","template":"","meta":{"_mbp_gutenberg_autopost":false,"footnotes":""},"class_list":["post-596568","page","type-page","status-publish","hentry","post"],"yoast_head":"<!-- This site is optimized with the Yoast SEO plugin v27.4 - https:\/\/yoast.com\/product\/yoast-seo-wordpress\/ -->\n<title>Michelin-starred gourmet restaurant Paris 8\u00e8me - L&#039;Ar\u00f4me<\/title>\n<meta name=\"description\" content=\"L&#039;Ar\u00f4me is a Michelin-starred gourmet restaurant in the 8th arrondissement of Paris.\" \/>\n<meta name=\"robots\" content=\"index, follow, max-snippet:-1, max-image-preview:large, max-video-preview:-1\" \/>\n<link rel=\"canonical\" href=\"https:\/\/larome-paris.com\/en\/\" \/>\n<meta property=\"og:locale\" content=\"en_US\" \/>\n<meta property=\"og:type\" content=\"article\" \/>\n<meta property=\"og:title\" content=\"Michelin-starred gourmet restaurant Paris 8\u00e8me - L&#039;Ar\u00f4me\" \/>\n<meta property=\"og:description\" content=\"L&#039;Ar\u00f4me is a Michelin-starred gourmet restaurant in the 8th arrondissement of Paris.\" \/>\n<meta property=\"og:url\" content=\"https:\/\/larome-paris.com\/en\/\" \/>\n<meta property=\"og:site_name\" content=\"L&#039;Ar\u00f4me\" \/>\n<meta property=\"article:publisher\" content=\"https:\/\/www.facebook.com\/laromeparis\" \/>\n<meta property=\"article:modified_time\" content=\"2025-11-12T18:45:47+00:00\" \/>\n<meta property=\"og:image\" content=\"https:\/\/larome-paris.com\/wp-content\/uploads\/2020\/03\/Salle-principal_1520.jpg\" \/>\n\t<meta property=\"og:image:width\" content=\"1520\" \/>\n\t<meta property=\"og:image:height\" content=\"1013\" \/>\n\t<meta property=\"og:image:type\" content=\"image\/jpeg\" \/>\n<meta name=\"twitter:card\" content=\"summary_large_image\" \/>\n<meta name=\"twitter:label1\" content=\"Est. reading time\" \/>\n\t<meta name=\"twitter:data1\" content=\"3 minutes\" \/>\n<script type=\"application\/ld+json\" class=\"yoast-schema-graph\">{\"@context\":\"https:\\\/\\\/schema.org\",\"@graph\":[{\"@type\":\"WebPage\",\"@id\":\"https:\\\/\\\/larome-paris.com\\\/en\\\/\",\"url\":\"https:\\\/\\\/larome-paris.com\\\/en\\\/\",\"name\":\"Michelin-starred gourmet restaurant Paris 8\u00e8me - L'Ar\u00f4me\",\"isPartOf\":{\"@id\":\"https:\\\/\\\/larome-paris.com\\\/en\\\/#website\"},\"datePublished\":\"2025-11-12T18:45:45+00:00\",\"dateModified\":\"2025-11-12T18:45:47+00:00\",\"description\":\"L'Ar\u00f4me is a Michelin-starred gourmet restaurant in the 8th arrondissement of Paris.\",\"breadcrumb\":{\"@id\":\"https:\\\/\\\/larome-paris.com\\\/en\\\/#breadcrumb\"},\"inLanguage\":\"en-US\",\"potentialAction\":[{\"@type\":\"ReadAction\",\"target\":[\"https:\\\/\\\/larome-paris.com\\\/en\\\/\"]}]},{\"@type\":\"BreadcrumbList\",\"@id\":\"https:\\\/\\\/larome-paris.com\\\/en\\\/#breadcrumb\",\"itemListElement\":[{\"@type\":\"ListItem\",\"position\":1,\"name\":\"Accueil\",\"item\":\"https:\\\/\\\/larome-paris.com\\\/en\\\/accueil-nouveau-2\\\/\"},{\"@type\":\"ListItem\",\"position\":2,\"name\":\"Home &#8211; new\"}]},{\"@type\":\"WebSite\",\"@id\":\"https:\\\/\\\/larome-paris.com\\\/en\\\/#website\",\"url\":\"https:\\\/\\\/larome-paris.com\\\/en\\\/\",\"name\":\"L'Ar\u00f4me\",\"description\":\"1 \u00e9toile Michelin depuis 2009\",\"publisher\":{\"@id\":\"https:\\\/\\\/larome-paris.com\\\/en\\\/#organization\"},\"potentialAction\":[{\"@type\":\"SearchAction\",\"target\":{\"@type\":\"EntryPoint\",\"urlTemplate\":\"https:\\\/\\\/larome-paris.com\\\/en\\\/?s={search_term_string}\"},\"query-input\":{\"@type\":\"PropertyValueSpecification\",\"valueRequired\":true,\"valueName\":\"search_term_string\"}}],\"inLanguage\":\"en-US\"},{\"@type\":\"Organization\",\"@id\":\"https:\\\/\\\/larome-paris.com\\\/en\\\/#organization\",\"name\":\"L'Ar\u00f4me Paris\",\"url\":\"https:\\\/\\\/larome-paris.com\\\/en\\\/\",\"logo\":{\"@type\":\"ImageObject\",\"inLanguage\":\"en-US\",\"@id\":\"https:\\\/\\\/larome-paris.com\\\/en\\\/#\\\/schema\\\/logo\\\/image\\\/\",\"url\":\"https:\\\/\\\/larome-paris.com\\\/wp-content\\\/uploads\\\/2025\\\/07\\\/logo-larome-svg-1.svg\",\"contentUrl\":\"https:\\\/\\\/larome-paris.com\\\/wp-content\\\/uploads\\\/2025\\\/07\\\/logo-larome-svg-1.svg\",\"width\":206,\"height\":212,\"caption\":\"L'Ar\u00f4me Paris\"},\"image\":{\"@id\":\"https:\\\/\\\/larome-paris.com\\\/en\\\/#\\\/schema\\\/logo\\\/image\\\/\"},\"sameAs\":[\"https:\\\/\\\/www.facebook.com\\\/laromeparis\",\"https:\\\/\\\/www.instagram.com\\\/laromerestaurantparis\\\/\",\"https:\\\/\\\/fr.linkedin.com\\\/company\\\/l-ar\u00f4me-paris\"]}]}<\/script>\n<!-- \/ Yoast SEO plugin. -->","yoast_head_json":{"title":"Michelin-starred gourmet restaurant Paris 8\u00e8me - L'Ar\u00f4me","description":"L'Ar\u00f4me is a Michelin-starred gourmet restaurant in the 8th arrondissement of Paris.","robots":{"index":"index","follow":"follow","max-snippet":"max-snippet:-1","max-image-preview":"max-image-preview:large","max-video-preview":"max-video-preview:-1"},"canonical":"https:\/\/larome-paris.com\/en\/","og_locale":"en_US","og_type":"article","og_title":"Michelin-starred gourmet restaurant Paris 8\u00e8me - L'Ar\u00f4me","og_description":"L'Ar\u00f4me is a Michelin-starred gourmet restaurant in the 8th arrondissement of Paris.","og_url":"https:\/\/larome-paris.com\/en\/","og_site_name":"L&#039;Ar\u00f4me","article_publisher":"https:\/\/www.facebook.com\/laromeparis","article_modified_time":"2025-11-12T18:45:47+00:00","og_image":[{"width":1520,"height":1013,"url":"https:\/\/larome-paris.com\/wp-content\/uploads\/2020\/03\/Salle-principal_1520.jpg","type":"image\/jpeg"}],"twitter_card":"summary_large_image","twitter_misc":{"Est. reading time":"3 minutes"},"schema":{"@context":"https:\/\/schema.org","@graph":[{"@type":"WebPage","@id":"https:\/\/larome-paris.com\/en\/","url":"https:\/\/larome-paris.com\/en\/","name":"Michelin-starred gourmet restaurant Paris 8\u00e8me - L'Ar\u00f4me","isPartOf":{"@id":"https:\/\/larome-paris.com\/en\/#website"},"datePublished":"2025-11-12T18:45:45+00:00","dateModified":"2025-11-12T18:45:47+00:00","description":"L'Ar\u00f4me is a Michelin-starred gourmet restaurant in the 8th arrondissement of Paris.","breadcrumb":{"@id":"https:\/\/larome-paris.com\/en\/#breadcrumb"},"inLanguage":"en-US","potentialAction":[{"@type":"ReadAction","target":["https:\/\/larome-paris.com\/en\/"]}]},{"@type":"BreadcrumbList","@id":"https:\/\/larome-paris.com\/en\/#breadcrumb","itemListElement":[{"@type":"ListItem","position":1,"name":"Accueil","item":"https:\/\/larome-paris.com\/en\/accueil-nouveau-2\/"},{"@type":"ListItem","position":2,"name":"Home &#8211; new"}]},{"@type":"WebSite","@id":"https:\/\/larome-paris.com\/en\/#website","url":"https:\/\/larome-paris.com\/en\/","name":"L'Ar\u00f4me","description":"1 \u00e9toile Michelin depuis 2009","publisher":{"@id":"https:\/\/larome-paris.com\/en\/#organization"},"potentialAction":[{"@type":"SearchAction","target":{"@type":"EntryPoint","urlTemplate":"https:\/\/larome-paris.com\/en\/?s={search_term_string}"},"query-input":{"@type":"PropertyValueSpecification","valueRequired":true,"valueName":"search_term_string"}}],"inLanguage":"en-US"},{"@type":"Organization","@id":"https:\/\/larome-paris.com\/en\/#organization","name":"L'Ar\u00f4me Paris","url":"https:\/\/larome-paris.com\/en\/","logo":{"@type":"ImageObject","inLanguage":"en-US","@id":"https:\/\/larome-paris.com\/en\/#\/schema\/logo\/image\/","url":"https:\/\/larome-paris.com\/wp-content\/uploads\/2025\/07\/logo-larome-svg-1.svg","contentUrl":"https:\/\/larome-paris.com\/wp-content\/uploads\/2025\/07\/logo-larome-svg-1.svg","width":206,"height":212,"caption":"L'Ar\u00f4me Paris"},"image":{"@id":"https:\/\/larome-paris.com\/en\/#\/schema\/logo\/image\/"},"sameAs":["https:\/\/www.facebook.com\/laromeparis","https:\/\/www.instagram.com\/laromerestaurantparis\/","https:\/\/fr.linkedin.com\/company\/l-ar\u00f4me-paris"]}]}},"_links":{"self":[{"href":"https:\/\/larome-paris.com\/en\/wp-json\/wp\/v2\/pages\/596568","targetHints":{"allow":["GET"]}}],"collection":[{"href":"https:\/\/larome-paris.com\/en\/wp-json\/wp\/v2\/pages"}],"about":[{"href":"https:\/\/larome-paris.com\/en\/wp-json\/wp\/v2\/types\/page"}],"author":[{"embeddable":true,"href":"https:\/\/larome-paris.com\/en\/wp-json\/wp\/v2\/users\/1"}],"replies":[{"embeddable":true,"href":"https:\/\/larome-paris.com\/en\/wp-json\/wp\/v2\/comments?post=596568"}],"version-history":[{"count":3,"href":"https:\/\/larome-paris.com\/en\/wp-json\/wp\/v2\/pages\/596568\/revisions"}],"predecessor-version":[{"id":602395,"href":"https:\/\/larome-paris.com\/en\/wp-json\/wp\/v2\/pages\/596568\/revisions\/602395"}],"wp:attachment":[{"href":"https:\/\/larome-paris.com\/en\/wp-json\/wp\/v2\/media?parent=596568"}],"curies":[{"name":"wp","href":"https:\/\/api.w.org\/{rel}","templated":true}]}}