{"id":588908,"date":"2025-07-01T15:08:00","date_gmt":"2025-07-01T13:08:00","guid":{"rendered":"https:\/\/larome-paris.com\/?page_id=588908"},"modified":"2025-07-25T19:55:10","modified_gmt":"2025-07-25T17:55:10","slug":"reservations-larome-paris-lp-en","status":"publish","type":"page","link":"https:\/\/larome-paris.com\/en\/reservations-larome-paris-lp-en\/","title":{"rendered":"R\u00e9servations L&#8217;Ar\u00f4me Paris &#8211; LP &#8211; EN"},"content":{"rendered":"<div id=\"pl-588908\"  class=\"panel-layout\" ><div id=\"pg-588908-0\"  class=\"panel-grid panel-has-style\" ><div class=\"landing-page-reservations panel-row-style panel-row-style-for-588908-0\" ><div id=\"pgc-588908-0-0\"  class=\"panel-grid-cell\" ><div id=\"panel-588908-0-0-0\" class=\"so-panel widget widget_sow-image panel-first-child\" data-index=\"0\" ><div\n\t\t\t\n\t\t\tclass=\"so-widget-sow-image so-widget-sow-image-default-113ccd71f3e6-588908\"\n\t\t\t\n\t\t>\n<div class=\"sow-image-container\">\n\t\t\t<a href=\"https:\/\/larome-paris.com\/en\/\"\n\t\t\t\t\t>\n\t\t\t<img \n\tsrc=\"https:\/\/larome-paris.com\/wp-content\/uploads\/2025\/07\/logo-larome-svg-1.svg\" width=\"206\" height=\"212\" sizes=\"(max-width: 206px) 100vw, 206px\" title=\"L&#039;Ar\u00f4me Restaurant Paris\" alt=\"L&#039;Ar\u00f4me Restaurant Paris\" \t\tclass=\"so-widget-image\"\/>\n\t\t\t<\/a><\/div>\n\n<\/div><\/div><div id=\"panel-588908-0-0-1\" class=\"so-panel widget widget_sow-headline\" data-index=\"1\" ><div\n\t\t\t\n\t\t\tclass=\"so-widget-sow-headline so-widget-sow-headline-default-38d23053b178-588908\"\n\t\t\t\n\t\t><div class=\"sow-headline-container \">\n\t\t\t\t\t\t\t<h1 class=\"sow-headline\">\n\t\t\t\t\t\tL'Ar\u00f4me Restaurant <br \/> Paris\t\t\t\t\t\t<\/h1>\n\t\t\t\t\t\t\t\t\t\t\t\t<h2 class=\"sow-sub-headline\">\n\t\t\t\t\t\tBy Chef Thomas Boullault\t\t\t\t\t\t<\/h2>\n\t\t\t\t\t\t<\/div>\n<\/div><\/div><div id=\"panel-588908-0-0-2\" class=\"so-panel widget widget_sow-editor\" data-index=\"2\" ><div\n\t\t\t\n\t\t\tclass=\"so-widget-sow-editor so-widget-sow-editor-base\"\n\t\t\t\n\t\t>\n<div class=\"siteorigin-widget-tinymce textwidget\">\n\t<p style=\"text-align: center;\">An timeless Parisian dining destination, just steps<br \/>\nfrom the Champs-\u00c9lys\u00e9es, Michelin-starred since 2009<\/p>\n<\/div>\n<\/div><\/div><div id=\"panel-588908-0-0-3\" class=\"so-panel widget widget_sow-button\" data-index=\"3\" ><div class=\"bouton4 panel-widget-style panel-widget-style-for-588908-0-0-3\" ><div\n\t\t\t\n\t\t\tclass=\"so-widget-sow-button so-widget-sow-button-flat-66466acb9e12-588908\"\n\t\t\t\n\t\t><div class=\"ow-button-base ow-button-align-center\"\n>\n\t\t\t<a\n\t\t\t\t\thref=\"https:\/\/widget.thefork.com\/en\/e90e2e48-d996-4354-a2d3-8c03c94c801b?utm_source=website&#038;utm_medium=englandingpage\"\n\t\t\t\t\tclass=\"sowb-button ow-icon-placement-left ow-button-hover\" \t>\n\t\t<span>\n\t\t\t\n\t\t\tBook\t\t<\/span>\n\t\t\t<\/a>\n\t<\/div>\n<\/div><\/div><\/div><div id=\"panel-588908-0-0-4\" class=\"so-panel widget widget_sow-image panel-last-child\" data-index=\"4\" ><div\n\t\t\t\n\t\t\tclass=\"so-widget-sow-image so-widget-sow-image-default-113ccd71f3e6-588908\"\n\t\t\t\n\t\t>\n<div class=\"sow-image-container\">\n\t\t<img \n\tsrc=\"https:\/\/larome-paris.com\/wp-content\/uploads\/2025\/07\/logos-LP-larome.svg\" width=\"270\" height=\"60\" sizes=\"(max-width: 270px) 100vw, 270px\" alt=\"\" \t\tclass=\"so-widget-image\"\/>\n\t<\/div>\n\n<\/div><\/div><\/div><div id=\"pgc-588908-0-1\"  class=\"panel-grid-cell\" ><div id=\"panel-588908-0-1-0\" class=\"so-panel widget widget_sow-video panel-first-child panel-last-child\" data-index=\"5\" ><div\n\t\t\t\n\t\t\tclass=\"so-widget-sow-video so-widget-sow-video-default-f379b959fc93-588908\"\n\t\t\t\n\t\t>\n<div class=\"sow-video-wrapper\n use-fitvids\">\n\t\t\t<video\n\t\t\tid=\"sow-player-1\" class=\"sow-video-widget\" preload=\"auto\" style=\"width:100%;height:100%;\" autoplay playsinline muted=\"1\" poster=\"https:\/\/larome-paris.com\/wp-content\/uploads\/2025\/06\/landing-page-reservation-1-1.png\" controls \t\t>\n\t\t\t\t\t\t\t<source type=\"video\/mp4\" src=\"https:\/\/larome-paris.com\/wp-content\/uploads\/2025\/07\/VIDEO-SERVICE-DEJ-AROME-VERTICAL.mp4\"\/>\n\t\t\t\t\t<\/video>\n\t<\/div>\n<\/div><\/div><\/div><\/div><\/div><div id=\"pg-588908-1\"  class=\"panel-grid panel-has-style\" ><div class=\"landing-page-reservations panel-row-style panel-row-style-for-588908-1\" ><div id=\"pgc-588908-1-0\"  class=\"panel-grid-cell\" ><div id=\"panel-588908-1-0-0\" class=\"so-panel widget widget_sow-image panel-first-child panel-last-child\" data-index=\"6\" ><div\n\t\t\t\n\t\t\tclass=\"so-widget-sow-image so-widget-sow-image-default-d856d782ea5f-588908\"\n\t\t\t\n\t\t>\n<div class=\"sow-image-container\">\n\t\t<img \n\tsrc=\"https:\/\/larome-paris.com\/wp-content\/uploads\/2025\/06\/landing-page-reservation-2-738.png\" width=\"738\" height=\"774\" srcset=\"https:\/\/larome-paris.com\/wp-content\/uploads\/2025\/06\/landing-page-reservation-2-738.png 738w, https:\/\/larome-paris.com\/wp-content\/uploads\/2025\/06\/landing-page-reservation-2-738-286x300.png 286w\" sizes=\"(max-width: 738px) 100vw, 738px\" alt=\"\" \t\tclass=\"so-widget-image\"\/>\n\t<\/div>\n\n<\/div><\/div><\/div><div id=\"pgc-588908-1-1\"  class=\"panel-grid-cell\" ><div class=\"panel-cell-style panel-cell-style-for-588908-1-1\" ><div id=\"panel-588908-1-1-0\" class=\"so-panel widget widget_sow-features panel-first-child\" data-index=\"7\" ><div\n\t\t\t\n\t\t\tclass=\"so-widget-sow-features so-widget-sow-features-default-1e832eb999f1-588908\"\n\t\t\t\n\t\t><ul\n\tclass=\"sow-features-list\n\t\">\n\n\t\t\t<li\n\t\t\tclass=\"sow-features-feature sow-icon-container-position-right\"\n\t\t\tstyle=\"display: flex; flex-direction: row; width: calc(100% - 25px);\"\n\t\t>\n\t\t\t\n\t\t\t\t\t\t<div\t\t\t\tclass=\"sow-icon-container sow-container-none\"\n\t\t\t\tstyle=\"color: ; \"\n\t\t\t\t\n\t\t\t\t\t\t\t>\n\t\t\t\t\t\t\t\t\t\t<div class=\"sow-icon-image\" style=\"background-image: url(https:\/\/larome-paris.com\/wp-content\/uploads\/2025\/07\/picto-adresse.png); font-size: 24px\"><\/div>\n\t\t\t\t\t\t\t\t\t<\/div>\n\n\t\t\t<div class=\"textwidget\">\n\t\t\t\t\n\t\t\t\t\t\t\t\t\t<h5 class=\"sow-features-feature-title\">\n\t\t\t\t\t\t3 Rue Saint-Philippe du Roule, 75008 Paris\t\t\t\t\t<\/h5>\n\t\t\t\t\n\t\t\t\t\t\t\t<\/div>\n\t\t\t\t\t\t\t\t<\/li>\n\n\t\t\t<li\n\t\t\tclass=\"sow-features-feature sow-icon-container-position-right\"\n\t\t\tstyle=\"display: flex; flex-direction: row; width: calc(100% - 25px);\"\n\t\t>\n\t\t\t\n\t\t\t\t\t\t<div\t\t\t\tclass=\"sow-icon-container sow-container-none\"\n\t\t\t\tstyle=\"color: ; \"\n\t\t\t\t\n\t\t\t\t\t\t\t>\n\t\t\t\t\t\t\t\t\t\t<div class=\"sow-icon-image\" style=\"background-image: url(https:\/\/larome-paris.com\/wp-content\/uploads\/2025\/07\/picto-metro.png); font-size: 24px\"><\/div>\n\t\t\t\t\t\t\t\t\t<\/div>\n\n\t\t\t<div class=\"textwidget\">\n\t\t\t\t\n\t\t\t\t\t\t\t\t\t<h5 class=\"sow-features-feature-title\">\n\t\t\t\t\t\tSaint-Philippe du Roule metro station \u2014 line 9\t\t\t\t\t<\/h5>\n\t\t\t\t\n\t\t\t\t\t\t\t<\/div>\n\t\t\t\t\t\t\t\t<\/li>\n\n\t\t\t<li\n\t\t\tclass=\"sow-features-feature sow-icon-container-position-right\"\n\t\t\tstyle=\"display: flex; flex-direction: row; width: calc(100% - 25px);\"\n\t\t>\n\t\t\t\n\t\t\t\t\t\t<div\t\t\t\tclass=\"sow-icon-container sow-container-none\"\n\t\t\t\tstyle=\"color: ; \"\n\t\t\t\t\n\t\t\t\t\t\t\t>\n\t\t\t\t\t\t\t\t\t\t<div class=\"sow-icon-image\" style=\"background-image: url(https:\/\/larome-paris.com\/wp-content\/uploads\/2025\/07\/picto-voiturier.png); font-size: 24px\"><\/div>\n\t\t\t\t\t\t\t\t\t<\/div>\n\n\t\t\t<div class=\"textwidget\">\n\t\t\t\t\n\t\t\t\t\t\t\t\t\t<h5 class=\"sow-features-feature-title\">\n\t\t\t\t\t\tValet parking\t\t\t\t\t<\/h5>\n\t\t\t\t\n\t\t\t\t\t\t\t<\/div>\n\t\t\t\t\t\t\t\t<\/li>\n\n\t\t\t<li\n\t\t\tclass=\"sow-features-feature sow-icon-container-position-right\"\n\t\t\tstyle=\"display: flex; flex-direction: row; width: calc(100% - 25px);\"\n\t\t>\n\t\t\t\n\t\t\t\t\t\t<div\t\t\t\tclass=\"sow-icon-container sow-container-none\"\n\t\t\t\tstyle=\"color: ; \"\n\t\t\t\t\n\t\t\t\t\t\t\t>\n\t\t\t\t\t\t\t\t\t\t<div class=\"sow-icon-image\" style=\"background-image: url(https:\/\/larome-paris.com\/wp-content\/uploads\/2025\/07\/picto-horaires-80x61-1.png); font-size: 24px\"><\/div>\n\t\t\t\t\t\t\t\t\t<\/div>\n\n\t\t\t<div class=\"textwidget\">\n\t\t\t\t\n\t\t\t\t\t\t\t\t\t<h5 class=\"sow-features-feature-title\">\n\t\t\t\t\t\tOpen Monday to Friday\t\t\t\t\t<\/h5>\n\t\t\t\t\n\t\t\t\t\t\t\t\t\t<div class=\"sow-features-feature-text\">\n\t\t\t\t\t12:00 pm \u2013 2:15 pm\n7:30 pm \u2013 9:45 pm\t\t\t\t\t<\/div>\n\t\t\t\t\t\t\t\t<\/div>\n\t\t\t\t\t\t\t\t<\/li>\n\n\t<\/ul>\n<\/div><\/div><div id=\"panel-588908-1-1-1\" class=\"so-panel widget widget_sow-button\" data-index=\"8\" ><div class=\"bouton4 panel-widget-style panel-widget-style-for-588908-1-1-1\" ><div\n\t\t\t\n\t\t\tclass=\"so-widget-sow-button so-widget-sow-button-flat-66466acb9e12-588908\"\n\t\t\t\n\t\t><div class=\"ow-button-base ow-button-align-center\"\n>\n\t\t\t<a\n\t\t\t\t\thref=\"#carte-dejeuner-lp\"\n\t\t\t\t\tclass=\"sowb-button ow-icon-placement-left ow-button-hover\" \t>\n\t\t<span>\n\t\t\t\n\t\t\tDiscover the lunch menu\t\t<\/span>\n\t\t\t<\/a>\n\t<\/div>\n<\/div><\/div><\/div><div id=\"panel-588908-1-1-2\" class=\"so-panel widget widget_sow-button panel-last-child\" data-index=\"9\" ><div class=\"bouton4 panel-widget-style panel-widget-style-for-588908-1-1-2\" ><div\n\t\t\t\n\t\t\tclass=\"so-widget-sow-button so-widget-sow-button-flat-66466acb9e12-588908\"\n\t\t\t\n\t\t><div class=\"ow-button-base ow-button-align-center\"\n>\n\t\t\t<a\n\t\t\t\t\thref=\"#carte-diner-lp\"\n\t\t\t\t\tclass=\"sowb-button ow-icon-placement-left ow-button-hover\" \t>\n\t\t<span>\n\t\t\t\n\t\t\tDiscover the dinner menu\t\t<\/span>\n\t\t\t<\/a>\n\t<\/div>\n<\/div><\/div><\/div><\/div><\/div><\/div><\/div><div id=\"pg-588908-2\"  class=\"panel-grid panel-has-style\" ><div class=\"landing-page-reservations panel-row-style panel-row-style-for-588908-2\" ><div id=\"pgc-588908-2-0\"  class=\"panel-grid-cell\" ><div id=\"carte-dejeuner-lp\" class=\"panel-cell-style panel-cell-style-for-588908-2-0\" ><div id=\"panel-588908-2-0-0\" class=\"so-panel widget widget_sow-headline panel-first-child\" data-index=\"10\" ><div\n\t\t\t\n\t\t\tclass=\"so-widget-sow-headline so-widget-sow-headline-default-ec1eb4cebc48-588908\"\n\t\t\t\n\t\t><div class=\"sow-headline-container \">\n\t\t\t\t\t\t\t<h2 class=\"sow-headline\">\n\t\t\t\t\t\tLunch Menu\t\t\t\t\t\t<\/h2>\n\t\t\t\t\t\t\t\t\t\t\t<div class=\"decoration\">\n\t\t\t\t\t\t<div class=\"decoration-inside\"><\/div>\n\t\t\t\t\t<\/div>\n\t\t\t\t\t<\/div>\n<\/div><\/div><div id=\"panel-588908-2-0-1\" class=\"widget_text so-panel widget widget_custom_html panel-last-child\" data-index=\"11\" ><div class=\"textwidget custom-html-widget\"><div style=\"position: relative; width: 100%; height: 0; padding-top: 141.4286%;\n padding-bottom: 0; box-shadow: 0 2px 8px 0 rgba(63,69,81,0.16); margin-top: 1.6em; margin-bottom: 0.9em; overflow: hidden;\n border-radius: 8px; will-change: transform;\">\n  <iframe loading=\"lazy\" style=\"position: absolute; width: 100%; height: 100%; top: 0; left: 0; border: none; padding: 0;margin: 0;\"\n    src=\"https:\/\/www.canva.com\/design\/DAGuMd8CnTk\/9mcAiEEiJ3uOxS8WbPrQJg\/view?embed\" allowfullscreen=\"allowfullscreen\" allow=\"fullscreen\">\n  <\/iframe>\n<\/div>\n<\/div><\/div><\/div><\/div><div id=\"pgc-588908-2-1\"  class=\"panel-grid-cell\" ><div id=\"carte-diner-lp\" class=\"panel-cell-style panel-cell-style-for-588908-2-1\" ><div id=\"panel-588908-2-1-0\" class=\"so-panel widget widget_sow-headline panel-first-child\" data-index=\"12\" ><div\n\t\t\t\n\t\t\tclass=\"so-widget-sow-headline so-widget-sow-headline-default-ec1eb4cebc48-588908\"\n\t\t\t\n\t\t><div class=\"sow-headline-container \">\n\t\t\t\t\t\t\t<h2 class=\"sow-headline\">\n\t\t\t\t\t\tDinner Menu\t\t\t\t\t\t<\/h2>\n\t\t\t\t\t\t\t\t\t\t\t<div class=\"decoration\">\n\t\t\t\t\t\t<div class=\"decoration-inside\"><\/div>\n\t\t\t\t\t<\/div>\n\t\t\t\t\t<\/div>\n<\/div><\/div><div id=\"panel-588908-2-1-1\" class=\"widget_text so-panel widget widget_custom_html panel-last-child\" data-index=\"13\" ><div class=\"textwidget custom-html-widget\"><div style=\"position: relative; width: 100%; height: 0; padding-top: 141.4286%;\n padding-bottom: 0; box-shadow: 0 2px 8px 0 rgba(63,69,81,0.16); margin-top: 1.6em; margin-bottom: 0.9em; overflow: hidden;\n border-radius: 8px; will-change: transform;\">\n  <iframe loading=\"lazy\" style=\"position: absolute; width: 100%; height: 100%; top: 0; left: 0; border: none; padding: 0;margin: 0;\"\n    src=\"https:\/\/www.canva.com\/design\/DAGuMWjUSe0\/vYIjx7aRm7JOJVkLnJq0bA\/view?embed\" allowfullscreen=\"allowfullscreen\" allow=\"fullscreen\">\n  <\/iframe>\n<\/div><\/div><\/div><\/div><\/div><\/div><\/div><\/div>","protected":false},"excerpt":{"rendered":"<p>An timeless Parisian dining destination, just steps from the Champs-\u00c9lys\u00e9es, Michelin-starred since 2009<\/p>\n","protected":false},"author":1,"featured_media":0,"parent":0,"menu_order":1,"comment_status":"closed","ping_status":"closed","template":"","meta":{"_mbp_gutenberg_autopost":false,"footnotes":""},"class_list":["post-588908","page","type-page","status-publish","hentry","post"],"yoast_head":"<!-- This site is optimized with the Yoast SEO plugin v27.4 - https:\/\/yoast.com\/product\/yoast-seo-wordpress\/ -->\n<title>R\u00e9servations L&#039;Ar\u00f4me Paris - LP - EN - L&#039;Ar\u00f4me<\/title>\n<meta name=\"robots\" content=\"index, follow, max-snippet:-1, max-image-preview:large, max-video-preview:-1\" \/>\n<link rel=\"canonical\" href=\"https:\/\/larome-paris.com\/en\/reservations-larome-paris-lp-en\/\" \/>\n<meta property=\"og:locale\" content=\"en_US\" \/>\n<meta property=\"og:type\" content=\"article\" \/>\n<meta property=\"og:title\" content=\"R\u00e9servations L&#039;Ar\u00f4me Paris - LP - EN - L&#039;Ar\u00f4me\" \/>\n<meta property=\"og:description\" content=\"An timeless Parisian dining destination, just steps from the Champs-\u00c9lys\u00e9es, Michelin-starred since 2009\" \/>\n<meta property=\"og:url\" content=\"https:\/\/larome-paris.com\/en\/reservations-larome-paris-lp-en\/\" \/>\n<meta property=\"og:site_name\" content=\"L&#039;Ar\u00f4me\" \/>\n<meta property=\"article:publisher\" content=\"https:\/\/www.facebook.com\/laromeparis\" \/>\n<meta property=\"article:modified_time\" content=\"2025-07-25T17:55:10+00:00\" \/>\n<meta property=\"og:image\" content=\"https:\/\/larome-paris.com\/wp-content\/uploads\/2020\/03\/Salle-principal_1520.jpg\" \/>\n\t<meta property=\"og:image:width\" content=\"1520\" \/>\n\t<meta property=\"og:image:height\" content=\"1013\" \/>\n\t<meta property=\"og:image:type\" content=\"image\/jpeg\" \/>\n<meta name=\"twitter:card\" content=\"summary_large_image\" \/>\n<meta name=\"twitter:label1\" content=\"Est. reading time\" \/>\n\t<meta name=\"twitter:data1\" content=\"1 minute\" \/>\n<script type=\"application\/ld+json\" class=\"yoast-schema-graph\">{\"@context\":\"https:\\\/\\\/schema.org\",\"@graph\":[{\"@type\":\"WebPage\",\"@id\":\"https:\\\/\\\/larome-paris.com\\\/en\\\/reservations-larome-paris-lp-en\\\/\",\"url\":\"https:\\\/\\\/larome-paris.com\\\/en\\\/reservations-larome-paris-lp-en\\\/\",\"name\":\"R\u00e9servations L'Ar\u00f4me Paris - LP - EN - L&#039;Ar\u00f4me\",\"isPartOf\":{\"@id\":\"https:\\\/\\\/larome-paris.com\\\/en\\\/#website\"},\"datePublished\":\"2025-07-01T13:08:00+00:00\",\"dateModified\":\"2025-07-25T17:55:10+00:00\",\"breadcrumb\":{\"@id\":\"https:\\\/\\\/larome-paris.com\\\/en\\\/reservations-larome-paris-lp-en\\\/#breadcrumb\"},\"inLanguage\":\"en-US\",\"potentialAction\":[{\"@type\":\"ReadAction\",\"target\":[\"https:\\\/\\\/larome-paris.com\\\/en\\\/reservations-larome-paris-lp-en\\\/\"]}]},{\"@type\":\"BreadcrumbList\",\"@id\":\"https:\\\/\\\/larome-paris.com\\\/en\\\/reservations-larome-paris-lp-en\\\/#breadcrumb\",\"itemListElement\":[{\"@type\":\"ListItem\",\"position\":1,\"name\":\"Accueil\",\"item\":\"https:\\\/\\\/larome-paris.com\\\/en\\\/accueil-nouveau-2\\\/\"},{\"@type\":\"ListItem\",\"position\":2,\"name\":\"R\u00e9servations L&#8217;Ar\u00f4me Paris &#8211; LP &#8211; EN\"}]},{\"@type\":\"WebSite\",\"@id\":\"https:\\\/\\\/larome-paris.com\\\/en\\\/#website\",\"url\":\"https:\\\/\\\/larome-paris.com\\\/en\\\/\",\"name\":\"L'Ar\u00f4me\",\"description\":\"1 \u00e9toile Michelin depuis 2009\",\"publisher\":{\"@id\":\"https:\\\/\\\/larome-paris.com\\\/en\\\/#organization\"},\"potentialAction\":[{\"@type\":\"SearchAction\",\"target\":{\"@type\":\"EntryPoint\",\"urlTemplate\":\"https:\\\/\\\/larome-paris.com\\\/en\\\/?s={search_term_string}\"},\"query-input\":{\"@type\":\"PropertyValueSpecification\",\"valueRequired\":true,\"valueName\":\"search_term_string\"}}],\"inLanguage\":\"en-US\"},{\"@type\":\"Organization\",\"@id\":\"https:\\\/\\\/larome-paris.com\\\/en\\\/#organization\",\"name\":\"L'Ar\u00f4me Paris\",\"url\":\"https:\\\/\\\/larome-paris.com\\\/en\\\/\",\"logo\":{\"@type\":\"ImageObject\",\"inLanguage\":\"en-US\",\"@id\":\"https:\\\/\\\/larome-paris.com\\\/en\\\/#\\\/schema\\\/logo\\\/image\\\/\",\"url\":\"https:\\\/\\\/larome-paris.com\\\/wp-content\\\/uploads\\\/2025\\\/07\\\/logo-larome-svg-1.svg\",\"contentUrl\":\"https:\\\/\\\/larome-paris.com\\\/wp-content\\\/uploads\\\/2025\\\/07\\\/logo-larome-svg-1.svg\",\"width\":206,\"height\":212,\"caption\":\"L'Ar\u00f4me Paris\"},\"image\":{\"@id\":\"https:\\\/\\\/larome-paris.com\\\/en\\\/#\\\/schema\\\/logo\\\/image\\\/\"},\"sameAs\":[\"https:\\\/\\\/www.facebook.com\\\/laromeparis\",\"https:\\\/\\\/www.instagram.com\\\/laromerestaurantparis\\\/\",\"https:\\\/\\\/fr.linkedin.com\\\/company\\\/l-ar\u00f4me-paris\"]}]}<\/script>\n<!-- \/ Yoast SEO plugin. -->","yoast_head_json":{"title":"R\u00e9servations L'Ar\u00f4me Paris - LP - EN - L&#039;Ar\u00f4me","robots":{"index":"index","follow":"follow","max-snippet":"max-snippet:-1","max-image-preview":"max-image-preview:large","max-video-preview":"max-video-preview:-1"},"canonical":"https:\/\/larome-paris.com\/en\/reservations-larome-paris-lp-en\/","og_locale":"en_US","og_type":"article","og_title":"R\u00e9servations L'Ar\u00f4me Paris - LP - EN - L&#039;Ar\u00f4me","og_description":"An timeless Parisian dining destination, just steps from the Champs-\u00c9lys\u00e9es, Michelin-starred since 2009","og_url":"https:\/\/larome-paris.com\/en\/reservations-larome-paris-lp-en\/","og_site_name":"L&#039;Ar\u00f4me","article_publisher":"https:\/\/www.facebook.com\/laromeparis","article_modified_time":"2025-07-25T17:55:10+00:00","og_image":[{"width":1520,"height":1013,"url":"https:\/\/larome-paris.com\/wp-content\/uploads\/2020\/03\/Salle-principal_1520.jpg","type":"image\/jpeg"}],"twitter_card":"summary_large_image","twitter_misc":{"Est. reading time":"1 minute"},"schema":{"@context":"https:\/\/schema.org","@graph":[{"@type":"WebPage","@id":"https:\/\/larome-paris.com\/en\/reservations-larome-paris-lp-en\/","url":"https:\/\/larome-paris.com\/en\/reservations-larome-paris-lp-en\/","name":"R\u00e9servations L'Ar\u00f4me Paris - LP - EN - L&#039;Ar\u00f4me","isPartOf":{"@id":"https:\/\/larome-paris.com\/en\/#website"},"datePublished":"2025-07-01T13:08:00+00:00","dateModified":"2025-07-25T17:55:10+00:00","breadcrumb":{"@id":"https:\/\/larome-paris.com\/en\/reservations-larome-paris-lp-en\/#breadcrumb"},"inLanguage":"en-US","potentialAction":[{"@type":"ReadAction","target":["https:\/\/larome-paris.com\/en\/reservations-larome-paris-lp-en\/"]}]},{"@type":"BreadcrumbList","@id":"https:\/\/larome-paris.com\/en\/reservations-larome-paris-lp-en\/#breadcrumb","itemListElement":[{"@type":"ListItem","position":1,"name":"Accueil","item":"https:\/\/larome-paris.com\/en\/accueil-nouveau-2\/"},{"@type":"ListItem","position":2,"name":"R\u00e9servations L&#8217;Ar\u00f4me Paris &#8211; LP &#8211; EN"}]},{"@type":"WebSite","@id":"https:\/\/larome-paris.com\/en\/#website","url":"https:\/\/larome-paris.com\/en\/","name":"L'Ar\u00f4me","description":"1 \u00e9toile Michelin depuis 2009","publisher":{"@id":"https:\/\/larome-paris.com\/en\/#organization"},"potentialAction":[{"@type":"SearchAction","target":{"@type":"EntryPoint","urlTemplate":"https:\/\/larome-paris.com\/en\/?s={search_term_string}"},"query-input":{"@type":"PropertyValueSpecification","valueRequired":true,"valueName":"search_term_string"}}],"inLanguage":"en-US"},{"@type":"Organization","@id":"https:\/\/larome-paris.com\/en\/#organization","name":"L'Ar\u00f4me Paris","url":"https:\/\/larome-paris.com\/en\/","logo":{"@type":"ImageObject","inLanguage":"en-US","@id":"https:\/\/larome-paris.com\/en\/#\/schema\/logo\/image\/","url":"https:\/\/larome-paris.com\/wp-content\/uploads\/2025\/07\/logo-larome-svg-1.svg","contentUrl":"https:\/\/larome-paris.com\/wp-content\/uploads\/2025\/07\/logo-larome-svg-1.svg","width":206,"height":212,"caption":"L'Ar\u00f4me Paris"},"image":{"@id":"https:\/\/larome-paris.com\/en\/#\/schema\/logo\/image\/"},"sameAs":["https:\/\/www.facebook.com\/laromeparis","https:\/\/www.instagram.com\/laromerestaurantparis\/","https:\/\/fr.linkedin.com\/company\/l-ar\u00f4me-paris"]}]}},"_links":{"self":[{"href":"https:\/\/larome-paris.com\/en\/wp-json\/wp\/v2\/pages\/588908","targetHints":{"allow":["GET"]}}],"collection":[{"href":"https:\/\/larome-paris.com\/en\/wp-json\/wp\/v2\/pages"}],"about":[{"href":"https:\/\/larome-paris.com\/en\/wp-json\/wp\/v2\/types\/page"}],"author":[{"embeddable":true,"href":"https:\/\/larome-paris.com\/en\/wp-json\/wp\/v2\/users\/1"}],"replies":[{"embeddable":true,"href":"https:\/\/larome-paris.com\/en\/wp-json\/wp\/v2\/comments?post=588908"}],"version-history":[{"count":7,"href":"https:\/\/larome-paris.com\/en\/wp-json\/wp\/v2\/pages\/588908\/revisions"}],"predecessor-version":[{"id":591564,"href":"https:\/\/larome-paris.com\/en\/wp-json\/wp\/v2\/pages\/588908\/revisions\/591564"}],"wp:attachment":[{"href":"https:\/\/larome-paris.com\/en\/wp-json\/wp\/v2\/media?parent=588908"}],"curies":[{"name":"wp","href":"https:\/\/api.w.org\/{rel}","templated":true}]}}