{"id":322425,"date":"2020-04-29T16:00:28","date_gmt":"2020-04-29T14:00:28","guid":{"rendered":"https:\/\/larome-paris.com\/politique-de-confidentialite\/"},"modified":"2020-04-29T16:00:28","modified_gmt":"2020-04-29T14:00:28","slug":"politique-de-confidentialite","status":"publish","type":"page","link":"https:\/\/larome-paris.com\/en\/politique-de-confidentialite\/","title":{"rendered":"Politique de confidentialit\u00e9"},"content":{"rendered":"<div id=\"pl-322425\"  class=\"panel-layout\" ><div id=\"pg-322425-0\"  class=\"panel-grid panel-no-style\" ><div id=\"pgc-322425-0-0\"  class=\"panel-grid-cell\" ><div id=\"panel-322425-0-0-0\" class=\"so-panel widget widget_sow-editor panel-first-child panel-last-child\" data-index=\"0\" ><div\n\t\t\t\n\t\t\tclass=\"so-widget-sow-editor so-widget-sow-editor-base\"\n\t\t\t\n\t\t>\n<div class=\"siteorigin-widget-tinymce textwidget\">\n\t<p><strong>Collecte et utilisation de l\u2019information<\/strong><\/p>\n<div>Nous recueillons votre nom et votre adresse e-mail lorsque vous nous adressez un message via notre formulaire de contact.<\/div>\n<div>Ces informations seront utilis\u00e9es exclusivement pour r\u00e9pondre \u00e0 votre demande d\u2019information. Elles ne seront pas stock\u00e9es dans la base de donn\u00e9es du site.<\/div>\n<div><\/div>\n<div>En outre, nous recevons et enregistrons automatiquement des informations \u00e0 partir de votre ordinateur et navigateur, y compris votre adresse IP, vos logiciels et votre mat\u00e9riel, et la page que vous demandez \u00e0 des fins de statistiques via l\u2019application tierce Google Analytics. Ces informations servent \u00e0 :<\/div>\n<div><\/div>\n<ul>\n<li>Personnaliser votre exp\u00e9rience et r\u00e9pondre \u00e0 vos besoins individuels<\/li>\n<li>Am\u00e9liorer notre site Web<\/li>\n<li>Am\u00e9liorer le service client et vos besoins de prise en charge<\/li>\n<li>Divulgation \u00e0 des tiers<\/li>\n<\/ul>\n<div>Nous ne vendons, n\u2019\u00e9changeons et ne transf\u00e9rons pas vos informations personnelles identifiables \u00e0 des tiers.<\/div>\n<div><\/div>\n<p><strong>Protection des informations<\/strong><\/p>\n<div>Nous mettons en \u0153uvre une vari\u00e9t\u00e9 de mesures de s\u00e9curit\u00e9 pour pr\u00e9server la s\u00e9curit\u00e9 de vos informations personnelles.<\/div>\n<div><\/div>\n<p><strong>Utilisation des cookies<\/strong><\/p>\n<div>Ce site utilise des cookies \u2013 de petits fichiers texte qui sont plac\u00e9s sur votre machine pour aider le site \u00e0 offrir une meilleure exp\u00e9rience utilisateur.<\/div>\n<div>Sur ce site, les cookies sont utilis\u00e9s pour conserver les pr\u00e9f\u00e9rences de l\u2019utilisateur, en particulier le choix de la langue, et fournir des donn\u00e9es de suivi anonymis\u00e9es \u00e0 Google Analytics. En r\u00e8gle g\u00e9n\u00e9rale, les cookies am\u00e9lioreront votre exp\u00e9rience de navigation.<\/div>\n<div>Cependant, vous pouvez d\u00e9sactiver les cookies sur ce site et sur les autres. Le moyen le plus efficace de le faire est de d\u00e9sactiver les cookies dans votre navigateur.<\/div>\n<div><\/div>\n<div>Vous pouvez \u00e9galement\u00a0<a href=\"https:\/\/www.cnil.fr\/fr\/cookies-les-outils-pour-les-maitriser\" target=\"_blank\" rel=\"noopener\">consulter le site de la CNIL<\/a>\u00a0qui offre des conseils pour tous les navigateurs modernes.<\/div>\n<div><\/div>\n<p><strong>Vos droits<\/strong><\/p>\n<div>Il est rappel\u00e9 que la personne dont les donn\u00e9es \u00e0 caract\u00e8re personnel sont trait\u00e9es b\u00e9n\u00e9ficie des droits d\u2019acc\u00e8s, de rectification et d\u2019opposition au traitement de ses donn\u00e9es \u00e0 caract\u00e8re personnel.<\/div>\n<div>Vous pouvez exercer ces droits en nous adressant un message via notre formulaire de contact.<\/div>\n<div><\/div>\n<p><strong>Consentement<\/strong><\/p>\n<div>En utilisant notre site, vous consentez \u00e0 notre politique de confidentialit\u00e9.<\/div>\n<\/div>\n<\/div><\/div><\/div><\/div><\/div>","protected":false},"excerpt":{"rendered":"<p>Collecte et utilisation de l\u2019information Nous recueillons votre nom et votre adresse e-mail lorsque vous nous adressez un message via notre formulaire de contact. Ces [&hellip;]<\/p>\n","protected":false},"author":1,"featured_media":0,"parent":0,"menu_order":0,"comment_status":"closed","ping_status":"closed","template":"","meta":{"_mbp_gutenberg_autopost":false,"footnotes":""},"class_list":["post-322425","page","type-page","status-publish","hentry","post"],"yoast_head":"<!-- This site is optimized with the Yoast SEO plugin v27.4 - https:\/\/yoast.com\/product\/yoast-seo-wordpress\/ -->\n<title>Politique de confidentialit\u00e9 - L&#039;Ar\u00f4me<\/title>\n<meta name=\"robots\" content=\"index, follow, max-snippet:-1, max-image-preview:large, max-video-preview:-1\" \/>\n<link rel=\"canonical\" href=\"https:\/\/larome-paris.com\/en\/politique-de-confidentialite\/\" \/>\n<meta property=\"og:locale\" content=\"en_US\" \/>\n<meta property=\"og:type\" content=\"article\" \/>\n<meta property=\"og:title\" content=\"Politique de confidentialit\u00e9 - L&#039;Ar\u00f4me\" \/>\n<meta property=\"og:description\" content=\"Collecte et utilisation de l\u2019information Nous recueillons votre nom et votre adresse e-mail lorsque vous nous adressez un message via notre formulaire de contact. Ces [&hellip;]\" \/>\n<meta property=\"og:url\" content=\"https:\/\/larome-paris.com\/en\/politique-de-confidentialite\/\" \/>\n<meta property=\"og:site_name\" content=\"L&#039;Ar\u00f4me\" \/>\n<meta property=\"article:publisher\" content=\"https:\/\/www.facebook.com\/laromeparis\" \/>\n<meta property=\"og:image\" content=\"https:\/\/larome-paris.com\/wp-content\/uploads\/2020\/03\/Salle-principal_1520.jpg\" \/>\n\t<meta property=\"og:image:width\" content=\"1520\" \/>\n\t<meta property=\"og:image:height\" content=\"1013\" \/>\n\t<meta property=\"og:image:type\" content=\"image\/jpeg\" \/>\n<meta name=\"twitter:card\" content=\"summary_large_image\" \/>\n<meta name=\"twitter:label1\" content=\"Est. reading time\" \/>\n\t<meta name=\"twitter:data1\" content=\"2 minutes\" \/>\n<script type=\"application\/ld+json\" class=\"yoast-schema-graph\">{\"@context\":\"https:\\\/\\\/schema.org\",\"@graph\":[{\"@type\":\"WebPage\",\"@id\":\"https:\\\/\\\/larome-paris.com\\\/en\\\/politique-de-confidentialite\\\/\",\"url\":\"https:\\\/\\\/larome-paris.com\\\/en\\\/politique-de-confidentialite\\\/\",\"name\":\"Politique de confidentialit\u00e9 - L&#039;Ar\u00f4me\",\"isPartOf\":{\"@id\":\"https:\\\/\\\/larome-paris.com\\\/en\\\/#website\"},\"datePublished\":\"2020-04-29T14:00:28+00:00\",\"breadcrumb\":{\"@id\":\"https:\\\/\\\/larome-paris.com\\\/en\\\/politique-de-confidentialite\\\/#breadcrumb\"},\"inLanguage\":\"en-US\",\"potentialAction\":[{\"@type\":\"ReadAction\",\"target\":[\"https:\\\/\\\/larome-paris.com\\\/en\\\/politique-de-confidentialite\\\/\"]}]},{\"@type\":\"BreadcrumbList\",\"@id\":\"https:\\\/\\\/larome-paris.com\\\/en\\\/politique-de-confidentialite\\\/#breadcrumb\",\"itemListElement\":[{\"@type\":\"ListItem\",\"position\":1,\"name\":\"Accueil\",\"item\":\"https:\\\/\\\/larome-paris.com\\\/en\\\/accueil-nouveau-2\\\/\"},{\"@type\":\"ListItem\",\"position\":2,\"name\":\"Politique de confidentialit\u00e9\"}]},{\"@type\":\"WebSite\",\"@id\":\"https:\\\/\\\/larome-paris.com\\\/en\\\/#website\",\"url\":\"https:\\\/\\\/larome-paris.com\\\/en\\\/\",\"name\":\"L'Ar\u00f4me\",\"description\":\"1 \u00e9toile Michelin depuis 2009\",\"publisher\":{\"@id\":\"https:\\\/\\\/larome-paris.com\\\/en\\\/#organization\"},\"potentialAction\":[{\"@type\":\"SearchAction\",\"target\":{\"@type\":\"EntryPoint\",\"urlTemplate\":\"https:\\\/\\\/larome-paris.com\\\/en\\\/?s={search_term_string}\"},\"query-input\":{\"@type\":\"PropertyValueSpecification\",\"valueRequired\":true,\"valueName\":\"search_term_string\"}}],\"inLanguage\":\"en-US\"},{\"@type\":\"Organization\",\"@id\":\"https:\\\/\\\/larome-paris.com\\\/en\\\/#organization\",\"name\":\"L'Ar\u00f4me Paris\",\"url\":\"https:\\\/\\\/larome-paris.com\\\/en\\\/\",\"logo\":{\"@type\":\"ImageObject\",\"inLanguage\":\"en-US\",\"@id\":\"https:\\\/\\\/larome-paris.com\\\/en\\\/#\\\/schema\\\/logo\\\/image\\\/\",\"url\":\"https:\\\/\\\/larome-paris.com\\\/wp-content\\\/uploads\\\/2025\\\/07\\\/logo-larome-svg-1.svg\",\"contentUrl\":\"https:\\\/\\\/larome-paris.com\\\/wp-content\\\/uploads\\\/2025\\\/07\\\/logo-larome-svg-1.svg\",\"width\":206,\"height\":212,\"caption\":\"L'Ar\u00f4me Paris\"},\"image\":{\"@id\":\"https:\\\/\\\/larome-paris.com\\\/en\\\/#\\\/schema\\\/logo\\\/image\\\/\"},\"sameAs\":[\"https:\\\/\\\/www.facebook.com\\\/laromeparis\",\"https:\\\/\\\/www.instagram.com\\\/laromerestaurantparis\\\/\",\"https:\\\/\\\/fr.linkedin.com\\\/company\\\/l-ar\u00f4me-paris\"]}]}<\/script>\n<!-- \/ Yoast SEO plugin. -->","yoast_head_json":{"title":"Politique de confidentialit\u00e9 - L&#039;Ar\u00f4me","robots":{"index":"index","follow":"follow","max-snippet":"max-snippet:-1","max-image-preview":"max-image-preview:large","max-video-preview":"max-video-preview:-1"},"canonical":"https:\/\/larome-paris.com\/en\/politique-de-confidentialite\/","og_locale":"en_US","og_type":"article","og_title":"Politique de confidentialit\u00e9 - L&#039;Ar\u00f4me","og_description":"Collecte et utilisation de l\u2019information Nous recueillons votre nom et votre adresse e-mail lorsque vous nous adressez un message via notre formulaire de contact. Ces [&hellip;]","og_url":"https:\/\/larome-paris.com\/en\/politique-de-confidentialite\/","og_site_name":"L&#039;Ar\u00f4me","article_publisher":"https:\/\/www.facebook.com\/laromeparis","og_image":[{"width":1520,"height":1013,"url":"https:\/\/larome-paris.com\/wp-content\/uploads\/2020\/03\/Salle-principal_1520.jpg","type":"image\/jpeg"}],"twitter_card":"summary_large_image","twitter_misc":{"Est. reading time":"2 minutes"},"schema":{"@context":"https:\/\/schema.org","@graph":[{"@type":"WebPage","@id":"https:\/\/larome-paris.com\/en\/politique-de-confidentialite\/","url":"https:\/\/larome-paris.com\/en\/politique-de-confidentialite\/","name":"Politique de confidentialit\u00e9 - L&#039;Ar\u00f4me","isPartOf":{"@id":"https:\/\/larome-paris.com\/en\/#website"},"datePublished":"2020-04-29T14:00:28+00:00","breadcrumb":{"@id":"https:\/\/larome-paris.com\/en\/politique-de-confidentialite\/#breadcrumb"},"inLanguage":"en-US","potentialAction":[{"@type":"ReadAction","target":["https:\/\/larome-paris.com\/en\/politique-de-confidentialite\/"]}]},{"@type":"BreadcrumbList","@id":"https:\/\/larome-paris.com\/en\/politique-de-confidentialite\/#breadcrumb","itemListElement":[{"@type":"ListItem","position":1,"name":"Accueil","item":"https:\/\/larome-paris.com\/en\/accueil-nouveau-2\/"},{"@type":"ListItem","position":2,"name":"Politique de confidentialit\u00e9"}]},{"@type":"WebSite","@id":"https:\/\/larome-paris.com\/en\/#website","url":"https:\/\/larome-paris.com\/en\/","name":"L'Ar\u00f4me","description":"1 \u00e9toile Michelin depuis 2009","publisher":{"@id":"https:\/\/larome-paris.com\/en\/#organization"},"potentialAction":[{"@type":"SearchAction","target":{"@type":"EntryPoint","urlTemplate":"https:\/\/larome-paris.com\/en\/?s={search_term_string}"},"query-input":{"@type":"PropertyValueSpecification","valueRequired":true,"valueName":"search_term_string"}}],"inLanguage":"en-US"},{"@type":"Organization","@id":"https:\/\/larome-paris.com\/en\/#organization","name":"L'Ar\u00f4me Paris","url":"https:\/\/larome-paris.com\/en\/","logo":{"@type":"ImageObject","inLanguage":"en-US","@id":"https:\/\/larome-paris.com\/en\/#\/schema\/logo\/image\/","url":"https:\/\/larome-paris.com\/wp-content\/uploads\/2025\/07\/logo-larome-svg-1.svg","contentUrl":"https:\/\/larome-paris.com\/wp-content\/uploads\/2025\/07\/logo-larome-svg-1.svg","width":206,"height":212,"caption":"L'Ar\u00f4me Paris"},"image":{"@id":"https:\/\/larome-paris.com\/en\/#\/schema\/logo\/image\/"},"sameAs":["https:\/\/www.facebook.com\/laromeparis","https:\/\/www.instagram.com\/laromerestaurantparis\/","https:\/\/fr.linkedin.com\/company\/l-ar\u00f4me-paris"]}]}},"_links":{"self":[{"href":"https:\/\/larome-paris.com\/en\/wp-json\/wp\/v2\/pages\/322425","targetHints":{"allow":["GET"]}}],"collection":[{"href":"https:\/\/larome-paris.com\/en\/wp-json\/wp\/v2\/pages"}],"about":[{"href":"https:\/\/larome-paris.com\/en\/wp-json\/wp\/v2\/types\/page"}],"author":[{"embeddable":true,"href":"https:\/\/larome-paris.com\/en\/wp-json\/wp\/v2\/users\/1"}],"replies":[{"embeddable":true,"href":"https:\/\/larome-paris.com\/en\/wp-json\/wp\/v2\/comments?post=322425"}],"version-history":[{"count":0,"href":"https:\/\/larome-paris.com\/en\/wp-json\/wp\/v2\/pages\/322425\/revisions"}],"wp:attachment":[{"href":"https:\/\/larome-paris.com\/en\/wp-json\/wp\/v2\/media?parent=322425"}],"curies":[{"name":"wp","href":"https:\/\/api.w.org\/{rel}","templated":true}]}}