{"id":322424,"date":"2020-04-29T15:49:17","date_gmt":"2020-04-29T13:49:17","guid":{"rendered":"https:\/\/larome-paris.com\/mentions-legales\/"},"modified":"2021-05-19T11:44:25","modified_gmt":"2021-05-19T09:44:25","slug":"mentions-legales","status":"publish","type":"page","link":"https:\/\/larome-paris.com\/en\/mentions-legales\/","title":{"rendered":"Mentions l\u00e9gales"},"content":{"rendered":"<div id=\"pl-322424\"  class=\"panel-layout\" ><div id=\"pg-322424-0\"  class=\"panel-grid panel-no-style\" ><div id=\"pgc-322424-0-0\"  class=\"panel-grid-cell\" ><div id=\"panel-322424-0-0-0\" class=\"so-panel widget widget_sow-editor panel-first-child panel-last-child\" data-index=\"0\" ><div\n\t\t\t\n\t\t\tclass=\"so-widget-sow-editor so-widget-sow-editor-base\"\n\t\t\t\n\t\t>\n<div class=\"siteorigin-widget-tinymce textwidget\">\n\t<p>Le pr\u00e9sent site https:\/\/larome-paris.com<br \/>\nest \u00e9dit\u00e9 par BUMEA, soci\u00e9t\u00e9 par actions simplifi\u00e9e (SAS), au capital de 37 000 Euros, immatricul\u00e9e au registre du commerce et des soci\u00e9t\u00e9s de Paris sous le num\u00e9ro 477 642 029, dont le si\u00e8ge social est situ\u00e9 au<br \/>\n3 Rue Saint-Phillipe du Roule \u2013 75008 Paris.<\/p>\n<p>Conseil en communication et direction artistique : Eric Foulon \u2013\u00a0<a href=\"http:\/\/www.ericfoulon.com\/\" target=\"_blank\" rel=\"noopener\">https:\/\/www.ericfoulon.com<\/a><br \/>\nCr\u00e9ation du site : Sophie Berland \u2013\u00a0<a href=\"https:\/\/www.sb-web.fr\/\" target=\"_blank\" rel=\"noopener\">https:\/\/www.sb-web.fr<\/a><\/p>\n<p>Photos r\u00e9alis\u00e9es par G\u00e9rard Cambon<\/p>\n<p>L\u2019h\u00e9bergement est assur\u00e9 par https:\/\/www.o2switch.fr\/<\/p>\n<p>L\u2019acc\u00e8s au site ainsi que l\u2019utilisation de son contenu sont soumis aux conditions d\u2019utilisation d\u00e9crites ci-apr\u00e8s.<\/p>\n<p>Le fait d\u2019acc\u00e9der et de naviguer sur le site constitue de la part du visiteur une acceptation sans r\u00e9serve des stipulations suivantes : Le site est la propri\u00e9t\u00e9 exclusive du restaurant L\u2019Ar\u00f4me, seul habilit\u00e9 \u00e0 utiliser les droits de propri\u00e9t\u00e9 intellectuelle et droits de la personnalit\u00e9 y aff\u00e9rents, notamment recettes, logos, droits d\u2019auteur et droit \u00e0 l\u2019image,<br \/>\n\u00e0 titre originaire ou par l\u2019effet d\u2019une autorisation expresse.<\/p>\n<p>L\u2019usage de tout ou partie du Site, notamment par t\u00e9l\u00e9chargement, reproduction, transmission ou repr\u00e9sentation \u00e0 d\u2019autres fins que pour usage personnel et priv\u00e9 dans un but non commercial est strictement interdit.<\/p>\n<p>Le restaurant L\u2019Ar\u00f4me s\u2019efforce d\u2019assurer au mieux de ses possibilit\u00e9s l\u2019exactitude et la mise \u00e0 jour des informations diffus\u00e9es sur le site, dont elle se r\u00e9serve le droit de corriger, \u00e0 tout moment et sans pr\u00e9avis, le contenu.<\/p>\n<p>Toutefois, le Restaurant L\u2019Ar\u00f4me ne peut garantir l\u2019exactitude, la pr\u00e9cision et l\u2019exhaustivit\u00e9 des informations mises \u00e0 disposition sur le Site.<\/p>\n<p>En cons\u00e9quence, le restaurant L\u2019Ar\u00f4me d\u00e9cline toute responsabilit\u00e9 : pour toute impr\u00e9cision, inexactitude ou omission portant sur des informations disponibles sur le site, pour tous dommages r\u00e9sultant d\u2019une intrusion d\u2019un tiers ayant entra\u00een\u00e9 une modification des informations mises \u00e0 disposition sur le site et plus g\u00e9n\u00e9ralement, pour tous dommages, directs ou indirects, qu\u2019elles qu\u2019en soient les causes, origines, natures et cons\u00e9quences, provoqu\u00e9s \u00e0 raison de l\u2019acc\u00e8s de quiconque au site ou de l\u2019impossibilit\u00e9 d\u2019y acc\u00e9der, de m\u00eame que l\u2019utilisation du site et\/ou du cr\u00e9dit accord\u00e9 \u00e0 une quelconque information provenant directement ou indirectement de ce dernier.<\/p>\n<p>Le visiteur est susceptible de fournir des donn\u00e9es \u00e0 caract\u00e8re personnel. La fourniture de ces informations nominatives est facultative.<\/p>\n<p>Conform\u00e9ment \u00e0 la loi Informatique et Libert\u00e9 n\u00b0 78-17 du 6 janvier 1978, chaque visiteur peut acc\u00e9der aux informations nominatives le concernant et les faire rectifier ou supprimer, le cas \u00e9ch\u00e9ant, en contactant notre \u00e9tablissement 3 Rue Saint-Philippe du Roule \u2013 Paris 8eme \u2013<br \/>\nT\u00e8l : 01 42 25 55 98 \u2013 Email : contact@larome-paris.com<\/p>\n<p>Le restaurant L\u2019Ar\u00f4me peut \u00eatre amen\u00e9 \u00e0 utiliser le syst\u00e8me des \u201ccookies\u201d.<br \/>\nLe cookie ne nous permet pas de vous identifier mais de mani\u00e8re g\u00e9n\u00e9rale de collecter des informations lors de votre passage sur notre site.<br \/>\nCes \u201ccookies\u201d vous \u00e9viteront<br \/>\n\u00e9galement de devoir fournir chaque fois des informations que vous nous avez d\u00e9j\u00e0 communiqu\u00e9es dans la mesure o\u00f9 ils se souviendront que vous nous avez communiqu\u00e9 ces informations \u00e0 une date ant\u00e9rieure. Il vous est possible de d\u00e9tecter l\u2019existence de ces \u201ccookies\u201d et le cas \u00e9ch\u00e9ant, de les supprimer. Il vous est possible de vous opposer \u00e0 l\u2019enregistrement de cookies en d\u00e9sactivant cette fonction de votre navigateur dans les pr\u00e9f\u00e9rences de celui-ci.<br \/>\nLa cr\u00e9ation de liens hypertextes vers le site ne peut \u00eatre faite qu\u2019avec l\u2019autorisation \u00e9crite et pr\u00e9alable du restaurant L\u2019Ar\u00f4me qui pourra \u00eatre r\u00e9voqu\u00e9 \u00e0 tout moment. Le restaurant L\u2019Ar\u00f4me d\u00e9cline toute responsabilit\u00e9 concernant le contenu des sites li\u00e9s au site.<br \/>\nLe restaurant L\u2019Ar\u00f4me informe les visiteurs du site que les pr\u00e9sentes conditions peuvent \u00eatre modifi\u00e9es \u00e0 tout moment. Ces modifications sont publi\u00e9es par leur mise en ligne et sont r\u00e9put\u00e9es accept\u00e9es sans r\u00e9serves par tout visiteur qui acc\u00e8de post\u00e9rieurement \u00e0 leur mise en ligne.<br \/>\nLes pr\u00e9sentes conditions sont r\u00e9gies par le droit fran\u00e7ais. Les juridictions fran\u00e7aises sont territorialement comp\u00e9tentes pour conna\u00eetre tout litige aff\u00e9rent \u00e0 l\u2019utilisation du Site.<\/p>\n<\/div>\n<\/div><\/div><\/div><\/div><\/div>","protected":false},"excerpt":{"rendered":"<p>Le pr\u00e9sent site https:\/\/larome-paris.com est \u00e9dit\u00e9 par BUMEA, soci\u00e9t\u00e9 par actions simplifi\u00e9e (SAS), au capital de 37 000 Euros, immatricul\u00e9e au registre du commerce et [&hellip;]<\/p>\n","protected":false},"author":1,"featured_media":0,"parent":0,"menu_order":0,"comment_status":"closed","ping_status":"closed","template":"","meta":{"_mbp_gutenberg_autopost":false,"footnotes":""},"class_list":["post-322424","page","type-page","status-publish","hentry","post"],"yoast_head":"<!-- This site is optimized with the Yoast SEO plugin v27.5 - https:\/\/yoast.com\/product\/yoast-seo-wordpress\/ -->\n<title>Mentions l\u00e9gales - L&#039;Ar\u00f4me<\/title>\n<meta name=\"robots\" content=\"index, follow, max-snippet:-1, max-image-preview:large, max-video-preview:-1\" \/>\n<link rel=\"canonical\" href=\"https:\/\/larome-paris.com\/en\/mentions-legales\/\" \/>\n<meta property=\"og:locale\" content=\"en_US\" \/>\n<meta property=\"og:type\" content=\"article\" \/>\n<meta property=\"og:title\" content=\"Mentions l\u00e9gales - L&#039;Ar\u00f4me\" \/>\n<meta property=\"og:description\" content=\"Le pr\u00e9sent site https:\/\/larome-paris.com est \u00e9dit\u00e9 par BUMEA, soci\u00e9t\u00e9 par actions simplifi\u00e9e (SAS), au capital de 37 000 Euros, immatricul\u00e9e au registre du commerce et [&hellip;]\" \/>\n<meta property=\"og:url\" content=\"https:\/\/larome-paris.com\/en\/mentions-legales\/\" \/>\n<meta property=\"og:site_name\" content=\"L&#039;Ar\u00f4me\" \/>\n<meta property=\"article:publisher\" content=\"https:\/\/www.facebook.com\/laromeparis\" \/>\n<meta property=\"article:modified_time\" content=\"2021-05-19T09:44:25+00:00\" \/>\n<meta property=\"og:image\" content=\"https:\/\/larome-paris.com\/wp-content\/uploads\/2020\/03\/Salle-principal_1520.jpg\" \/>\n\t<meta property=\"og:image:width\" content=\"1520\" \/>\n\t<meta property=\"og:image:height\" content=\"1013\" \/>\n\t<meta property=\"og:image:type\" content=\"image\/jpeg\" \/>\n<meta name=\"twitter:card\" content=\"summary_large_image\" \/>\n<meta name=\"twitter:label1\" content=\"Est. reading time\" \/>\n\t<meta name=\"twitter:data1\" content=\"3 minutes\" \/>\n<script type=\"application\/ld+json\" class=\"yoast-schema-graph\">{\"@context\":\"https:\\\/\\\/schema.org\",\"@graph\":[{\"@type\":\"WebPage\",\"@id\":\"https:\\\/\\\/larome-paris.com\\\/en\\\/mentions-legales\\\/\",\"url\":\"https:\\\/\\\/larome-paris.com\\\/en\\\/mentions-legales\\\/\",\"name\":\"Mentions l\u00e9gales - L&#039;Ar\u00f4me\",\"isPartOf\":{\"@id\":\"https:\\\/\\\/larome-paris.com\\\/en\\\/#website\"},\"datePublished\":\"2020-04-29T13:49:17+00:00\",\"dateModified\":\"2021-05-19T09:44:25+00:00\",\"breadcrumb\":{\"@id\":\"https:\\\/\\\/larome-paris.com\\\/en\\\/mentions-legales\\\/#breadcrumb\"},\"inLanguage\":\"en-US\",\"potentialAction\":[{\"@type\":\"ReadAction\",\"target\":[\"https:\\\/\\\/larome-paris.com\\\/en\\\/mentions-legales\\\/\"]}]},{\"@type\":\"BreadcrumbList\",\"@id\":\"https:\\\/\\\/larome-paris.com\\\/en\\\/mentions-legales\\\/#breadcrumb\",\"itemListElement\":[{\"@type\":\"ListItem\",\"position\":1,\"name\":\"Accueil\",\"item\":\"https:\\\/\\\/larome-paris.com\\\/en\\\/accueil-nouveau-2\\\/\"},{\"@type\":\"ListItem\",\"position\":2,\"name\":\"Mentions l\u00e9gales\"}]},{\"@type\":\"WebSite\",\"@id\":\"https:\\\/\\\/larome-paris.com\\\/en\\\/#website\",\"url\":\"https:\\\/\\\/larome-paris.com\\\/en\\\/\",\"name\":\"L'Ar\u00f4me\",\"description\":\"1 \u00e9toile Michelin depuis 2009\",\"publisher\":{\"@id\":\"https:\\\/\\\/larome-paris.com\\\/en\\\/#organization\"},\"potentialAction\":[{\"@type\":\"SearchAction\",\"target\":{\"@type\":\"EntryPoint\",\"urlTemplate\":\"https:\\\/\\\/larome-paris.com\\\/en\\\/?s={search_term_string}\"},\"query-input\":{\"@type\":\"PropertyValueSpecification\",\"valueRequired\":true,\"valueName\":\"search_term_string\"}}],\"inLanguage\":\"en-US\"},{\"@type\":\"Organization\",\"@id\":\"https:\\\/\\\/larome-paris.com\\\/en\\\/#organization\",\"name\":\"L'Ar\u00f4me Paris\",\"url\":\"https:\\\/\\\/larome-paris.com\\\/en\\\/\",\"logo\":{\"@type\":\"ImageObject\",\"inLanguage\":\"en-US\",\"@id\":\"https:\\\/\\\/larome-paris.com\\\/en\\\/#\\\/schema\\\/logo\\\/image\\\/\",\"url\":\"https:\\\/\\\/larome-paris.com\\\/wp-content\\\/uploads\\\/2025\\\/07\\\/logo-larome-svg-1.svg\",\"contentUrl\":\"https:\\\/\\\/larome-paris.com\\\/wp-content\\\/uploads\\\/2025\\\/07\\\/logo-larome-svg-1.svg\",\"width\":206,\"height\":212,\"caption\":\"L'Ar\u00f4me Paris\"},\"image\":{\"@id\":\"https:\\\/\\\/larome-paris.com\\\/en\\\/#\\\/schema\\\/logo\\\/image\\\/\"},\"sameAs\":[\"https:\\\/\\\/www.facebook.com\\\/laromeparis\",\"https:\\\/\\\/www.instagram.com\\\/laromerestaurantparis\\\/\",\"https:\\\/\\\/fr.linkedin.com\\\/company\\\/l-ar\u00f4me-paris\"]}]}<\/script>\n<!-- \/ Yoast SEO plugin. -->","yoast_head_json":{"title":"Mentions l\u00e9gales - L&#039;Ar\u00f4me","robots":{"index":"index","follow":"follow","max-snippet":"max-snippet:-1","max-image-preview":"max-image-preview:large","max-video-preview":"max-video-preview:-1"},"canonical":"https:\/\/larome-paris.com\/en\/mentions-legales\/","og_locale":"en_US","og_type":"article","og_title":"Mentions l\u00e9gales - L&#039;Ar\u00f4me","og_description":"Le pr\u00e9sent site https:\/\/larome-paris.com est \u00e9dit\u00e9 par BUMEA, soci\u00e9t\u00e9 par actions simplifi\u00e9e (SAS), au capital de 37 000 Euros, immatricul\u00e9e au registre du commerce et [&hellip;]","og_url":"https:\/\/larome-paris.com\/en\/mentions-legales\/","og_site_name":"L&#039;Ar\u00f4me","article_publisher":"https:\/\/www.facebook.com\/laromeparis","article_modified_time":"2021-05-19T09:44:25+00:00","og_image":[{"width":1520,"height":1013,"url":"https:\/\/larome-paris.com\/wp-content\/uploads\/2020\/03\/Salle-principal_1520.jpg","type":"image\/jpeg"}],"twitter_card":"summary_large_image","twitter_misc":{"Est. reading time":"3 minutes"},"schema":{"@context":"https:\/\/schema.org","@graph":[{"@type":"WebPage","@id":"https:\/\/larome-paris.com\/en\/mentions-legales\/","url":"https:\/\/larome-paris.com\/en\/mentions-legales\/","name":"Mentions l\u00e9gales - L&#039;Ar\u00f4me","isPartOf":{"@id":"https:\/\/larome-paris.com\/en\/#website"},"datePublished":"2020-04-29T13:49:17+00:00","dateModified":"2021-05-19T09:44:25+00:00","breadcrumb":{"@id":"https:\/\/larome-paris.com\/en\/mentions-legales\/#breadcrumb"},"inLanguage":"en-US","potentialAction":[{"@type":"ReadAction","target":["https:\/\/larome-paris.com\/en\/mentions-legales\/"]}]},{"@type":"BreadcrumbList","@id":"https:\/\/larome-paris.com\/en\/mentions-legales\/#breadcrumb","itemListElement":[{"@type":"ListItem","position":1,"name":"Accueil","item":"https:\/\/larome-paris.com\/en\/accueil-nouveau-2\/"},{"@type":"ListItem","position":2,"name":"Mentions l\u00e9gales"}]},{"@type":"WebSite","@id":"https:\/\/larome-paris.com\/en\/#website","url":"https:\/\/larome-paris.com\/en\/","name":"L'Ar\u00f4me","description":"1 \u00e9toile Michelin depuis 2009","publisher":{"@id":"https:\/\/larome-paris.com\/en\/#organization"},"potentialAction":[{"@type":"SearchAction","target":{"@type":"EntryPoint","urlTemplate":"https:\/\/larome-paris.com\/en\/?s={search_term_string}"},"query-input":{"@type":"PropertyValueSpecification","valueRequired":true,"valueName":"search_term_string"}}],"inLanguage":"en-US"},{"@type":"Organization","@id":"https:\/\/larome-paris.com\/en\/#organization","name":"L'Ar\u00f4me Paris","url":"https:\/\/larome-paris.com\/en\/","logo":{"@type":"ImageObject","inLanguage":"en-US","@id":"https:\/\/larome-paris.com\/en\/#\/schema\/logo\/image\/","url":"https:\/\/larome-paris.com\/wp-content\/uploads\/2025\/07\/logo-larome-svg-1.svg","contentUrl":"https:\/\/larome-paris.com\/wp-content\/uploads\/2025\/07\/logo-larome-svg-1.svg","width":206,"height":212,"caption":"L'Ar\u00f4me Paris"},"image":{"@id":"https:\/\/larome-paris.com\/en\/#\/schema\/logo\/image\/"},"sameAs":["https:\/\/www.facebook.com\/laromeparis","https:\/\/www.instagram.com\/laromerestaurantparis\/","https:\/\/fr.linkedin.com\/company\/l-ar\u00f4me-paris"]}]}},"_links":{"self":[{"href":"https:\/\/larome-paris.com\/en\/wp-json\/wp\/v2\/pages\/322424","targetHints":{"allow":["GET"]}}],"collection":[{"href":"https:\/\/larome-paris.com\/en\/wp-json\/wp\/v2\/pages"}],"about":[{"href":"https:\/\/larome-paris.com\/en\/wp-json\/wp\/v2\/types\/page"}],"author":[{"embeddable":true,"href":"https:\/\/larome-paris.com\/en\/wp-json\/wp\/v2\/users\/1"}],"replies":[{"embeddable":true,"href":"https:\/\/larome-paris.com\/en\/wp-json\/wp\/v2\/comments?post=322424"}],"version-history":[{"count":4,"href":"https:\/\/larome-paris.com\/en\/wp-json\/wp\/v2\/pages\/322424\/revisions"}],"predecessor-version":[{"id":368669,"href":"https:\/\/larome-paris.com\/en\/wp-json\/wp\/v2\/pages\/322424\/revisions\/368669"}],"wp:attachment":[{"href":"https:\/\/larome-paris.com\/en\/wp-json\/wp\/v2\/media?parent=322424"}],"curies":[{"name":"wp","href":"https:\/\/api.w.org\/{rel}","templated":true}]}}