{"id":322420,"date":"2020-01-31T17:44:39","date_gmt":"2020-01-31T16:44:39","guid":{"rendered":"https:\/\/larome-paris.com\/the-menu\/carte-des-vins\/"},"modified":"2025-11-04T18:57:34","modified_gmt":"2025-11-04T17:57:34","slug":"carte-des-vins","status":"publish","type":"page","link":"https:\/\/larome-paris.com\/en\/the-menu\/carte-des-vins\/","title":{"rendered":"La carte des vins"},"content":{"rendered":"\n<p><em>Notre cave s&#8217;enrichissant perp\u00e9tuellement de nouvelles r\u00e9f\u00e9rences, nous vous pr\u00e9sentons cette carte \u00e0 titre indicatif. <\/em><br><em>(derni\u00e8re mise \u00e0 jour : 04\/11\/2025)<\/em><\/p>\n\n\n<a href=\"https:\/\/larome-paris.com\/wp-content\/uploads\/2025\/11\/LAromeParisCarte-des-Vins-04-11-2025.pdf\" class=\"pdfemb-viewer\" style=\"\" data-width=\"max\" data-height=\"max\" data-toolbar=\"bottom\" data-toolbar-fixed=\"off\">LAromeParisCarte-des-Vins-04-11-2025<\/a>","protected":false},"excerpt":{"rendered":"<p>Notre cave s&#8217;enrichissant perp\u00e9tuellement de nouvelles r\u00e9f\u00e9rences, nous vous pr\u00e9sentons cette carte \u00e0 titre indicatif. (derni\u00e8re mise \u00e0 jour : 04\/11\/2025)<\/p>\n","protected":false},"author":1,"featured_media":0,"parent":322394,"menu_order":3,"comment_status":"closed","ping_status":"closed","template":"","meta":{"_mbp_gutenberg_autopost":false,"footnotes":""},"class_list":["post-322420","page","type-page","status-publish","hentry","post"],"yoast_head":"<!-- This site is optimized with the Yoast SEO plugin v27.4 - https:\/\/yoast.com\/product\/yoast-seo-wordpress\/ -->\n<title>La carte des vins - L&#039;Ar\u00f4me<\/title>\n<meta name=\"robots\" content=\"index, follow, max-snippet:-1, max-image-preview:large, max-video-preview:-1\" \/>\n<link rel=\"canonical\" href=\"https:\/\/larome-paris.com\/en\/the-menu\/carte-des-vins\/\" \/>\n<meta property=\"og:locale\" content=\"en_US\" \/>\n<meta property=\"og:type\" content=\"article\" \/>\n<meta property=\"og:title\" content=\"La carte des vins - L&#039;Ar\u00f4me\" \/>\n<meta property=\"og:description\" content=\"Notre cave s&#8217;enrichissant perp\u00e9tuellement de nouvelles r\u00e9f\u00e9rences, nous vous pr\u00e9sentons cette carte \u00e0 titre indicatif. (derni\u00e8re mise \u00e0 jour : 04\/11\/2025)\" \/>\n<meta property=\"og:url\" content=\"https:\/\/larome-paris.com\/en\/the-menu\/carte-des-vins\/\" \/>\n<meta property=\"og:site_name\" content=\"L&#039;Ar\u00f4me\" \/>\n<meta property=\"article:publisher\" content=\"https:\/\/www.facebook.com\/laromeparis\" \/>\n<meta property=\"article:modified_time\" content=\"2025-11-04T17:57:34+00:00\" \/>\n<meta property=\"og:image\" content=\"https:\/\/larome-paris.com\/wp-content\/uploads\/2020\/03\/Salle-principal_1520.jpg\" \/>\n\t<meta property=\"og:image:width\" content=\"1520\" \/>\n\t<meta property=\"og:image:height\" content=\"1013\" \/>\n\t<meta property=\"og:image:type\" content=\"image\/jpeg\" \/>\n<meta name=\"twitter:card\" content=\"summary_large_image\" \/>\n<meta name=\"twitter:label1\" content=\"Est. reading time\" \/>\n\t<meta name=\"twitter:data1\" content=\"1 minute\" \/>\n<script type=\"application\/ld+json\" class=\"yoast-schema-graph\">{\"@context\":\"https:\\\/\\\/schema.org\",\"@graph\":[{\"@type\":\"WebPage\",\"@id\":\"https:\\\/\\\/larome-paris.com\\\/en\\\/the-menu\\\/carte-des-vins\\\/\",\"url\":\"https:\\\/\\\/larome-paris.com\\\/en\\\/the-menu\\\/carte-des-vins\\\/\",\"name\":\"La carte des vins - L&#039;Ar\u00f4me\",\"isPartOf\":{\"@id\":\"https:\\\/\\\/larome-paris.com\\\/en\\\/#website\"},\"datePublished\":\"2020-01-31T16:44:39+00:00\",\"dateModified\":\"2025-11-04T17:57:34+00:00\",\"breadcrumb\":{\"@id\":\"https:\\\/\\\/larome-paris.com\\\/en\\\/the-menu\\\/carte-des-vins\\\/#breadcrumb\"},\"inLanguage\":\"en-US\",\"potentialAction\":[{\"@type\":\"ReadAction\",\"target\":[\"https:\\\/\\\/larome-paris.com\\\/en\\\/the-menu\\\/carte-des-vins\\\/\"]}]},{\"@type\":\"BreadcrumbList\",\"@id\":\"https:\\\/\\\/larome-paris.com\\\/en\\\/the-menu\\\/carte-des-vins\\\/#breadcrumb\",\"itemListElement\":[{\"@type\":\"ListItem\",\"position\":1,\"name\":\"Accueil\",\"item\":\"https:\\\/\\\/larome-paris.com\\\/en\\\/accueil-nouveau-2\\\/\"},{\"@type\":\"ListItem\",\"position\":2,\"name\":\"The Menu\",\"item\":\"https:\\\/\\\/larome-paris.com\\\/en\\\/the-menu\\\/\"},{\"@type\":\"ListItem\",\"position\":3,\"name\":\"La carte des vins\"}]},{\"@type\":\"WebSite\",\"@id\":\"https:\\\/\\\/larome-paris.com\\\/en\\\/#website\",\"url\":\"https:\\\/\\\/larome-paris.com\\\/en\\\/\",\"name\":\"L'Ar\u00f4me\",\"description\":\"1 \u00e9toile Michelin depuis 2009\",\"publisher\":{\"@id\":\"https:\\\/\\\/larome-paris.com\\\/en\\\/#organization\"},\"potentialAction\":[{\"@type\":\"SearchAction\",\"target\":{\"@type\":\"EntryPoint\",\"urlTemplate\":\"https:\\\/\\\/larome-paris.com\\\/en\\\/?s={search_term_string}\"},\"query-input\":{\"@type\":\"PropertyValueSpecification\",\"valueRequired\":true,\"valueName\":\"search_term_string\"}}],\"inLanguage\":\"en-US\"},{\"@type\":\"Organization\",\"@id\":\"https:\\\/\\\/larome-paris.com\\\/en\\\/#organization\",\"name\":\"L'Ar\u00f4me Paris\",\"url\":\"https:\\\/\\\/larome-paris.com\\\/en\\\/\",\"logo\":{\"@type\":\"ImageObject\",\"inLanguage\":\"en-US\",\"@id\":\"https:\\\/\\\/larome-paris.com\\\/en\\\/#\\\/schema\\\/logo\\\/image\\\/\",\"url\":\"https:\\\/\\\/larome-paris.com\\\/wp-content\\\/uploads\\\/2025\\\/07\\\/logo-larome-svg-1.svg\",\"contentUrl\":\"https:\\\/\\\/larome-paris.com\\\/wp-content\\\/uploads\\\/2025\\\/07\\\/logo-larome-svg-1.svg\",\"width\":206,\"height\":212,\"caption\":\"L'Ar\u00f4me Paris\"},\"image\":{\"@id\":\"https:\\\/\\\/larome-paris.com\\\/en\\\/#\\\/schema\\\/logo\\\/image\\\/\"},\"sameAs\":[\"https:\\\/\\\/www.facebook.com\\\/laromeparis\",\"https:\\\/\\\/www.instagram.com\\\/laromerestaurantparis\\\/\",\"https:\\\/\\\/fr.linkedin.com\\\/company\\\/l-ar\u00f4me-paris\"]}]}<\/script>\n<!-- \/ Yoast SEO plugin. -->","yoast_head_json":{"title":"La carte des vins - L&#039;Ar\u00f4me","robots":{"index":"index","follow":"follow","max-snippet":"max-snippet:-1","max-image-preview":"max-image-preview:large","max-video-preview":"max-video-preview:-1"},"canonical":"https:\/\/larome-paris.com\/en\/the-menu\/carte-des-vins\/","og_locale":"en_US","og_type":"article","og_title":"La carte des vins - L&#039;Ar\u00f4me","og_description":"Notre cave s&#8217;enrichissant perp\u00e9tuellement de nouvelles r\u00e9f\u00e9rences, nous vous pr\u00e9sentons cette carte \u00e0 titre indicatif. (derni\u00e8re mise \u00e0 jour : 04\/11\/2025)","og_url":"https:\/\/larome-paris.com\/en\/the-menu\/carte-des-vins\/","og_site_name":"L&#039;Ar\u00f4me","article_publisher":"https:\/\/www.facebook.com\/laromeparis","article_modified_time":"2025-11-04T17:57:34+00:00","og_image":[{"width":1520,"height":1013,"url":"https:\/\/larome-paris.com\/wp-content\/uploads\/2020\/03\/Salle-principal_1520.jpg","type":"image\/jpeg"}],"twitter_card":"summary_large_image","twitter_misc":{"Est. reading time":"1 minute"},"schema":{"@context":"https:\/\/schema.org","@graph":[{"@type":"WebPage","@id":"https:\/\/larome-paris.com\/en\/the-menu\/carte-des-vins\/","url":"https:\/\/larome-paris.com\/en\/the-menu\/carte-des-vins\/","name":"La carte des vins - L&#039;Ar\u00f4me","isPartOf":{"@id":"https:\/\/larome-paris.com\/en\/#website"},"datePublished":"2020-01-31T16:44:39+00:00","dateModified":"2025-11-04T17:57:34+00:00","breadcrumb":{"@id":"https:\/\/larome-paris.com\/en\/the-menu\/carte-des-vins\/#breadcrumb"},"inLanguage":"en-US","potentialAction":[{"@type":"ReadAction","target":["https:\/\/larome-paris.com\/en\/the-menu\/carte-des-vins\/"]}]},{"@type":"BreadcrumbList","@id":"https:\/\/larome-paris.com\/en\/the-menu\/carte-des-vins\/#breadcrumb","itemListElement":[{"@type":"ListItem","position":1,"name":"Accueil","item":"https:\/\/larome-paris.com\/en\/accueil-nouveau-2\/"},{"@type":"ListItem","position":2,"name":"The Menu","item":"https:\/\/larome-paris.com\/en\/the-menu\/"},{"@type":"ListItem","position":3,"name":"La carte des vins"}]},{"@type":"WebSite","@id":"https:\/\/larome-paris.com\/en\/#website","url":"https:\/\/larome-paris.com\/en\/","name":"L'Ar\u00f4me","description":"1 \u00e9toile Michelin depuis 2009","publisher":{"@id":"https:\/\/larome-paris.com\/en\/#organization"},"potentialAction":[{"@type":"SearchAction","target":{"@type":"EntryPoint","urlTemplate":"https:\/\/larome-paris.com\/en\/?s={search_term_string}"},"query-input":{"@type":"PropertyValueSpecification","valueRequired":true,"valueName":"search_term_string"}}],"inLanguage":"en-US"},{"@type":"Organization","@id":"https:\/\/larome-paris.com\/en\/#organization","name":"L'Ar\u00f4me Paris","url":"https:\/\/larome-paris.com\/en\/","logo":{"@type":"ImageObject","inLanguage":"en-US","@id":"https:\/\/larome-paris.com\/en\/#\/schema\/logo\/image\/","url":"https:\/\/larome-paris.com\/wp-content\/uploads\/2025\/07\/logo-larome-svg-1.svg","contentUrl":"https:\/\/larome-paris.com\/wp-content\/uploads\/2025\/07\/logo-larome-svg-1.svg","width":206,"height":212,"caption":"L'Ar\u00f4me Paris"},"image":{"@id":"https:\/\/larome-paris.com\/en\/#\/schema\/logo\/image\/"},"sameAs":["https:\/\/www.facebook.com\/laromeparis","https:\/\/www.instagram.com\/laromerestaurantparis\/","https:\/\/fr.linkedin.com\/company\/l-ar\u00f4me-paris"]}]}},"_links":{"self":[{"href":"https:\/\/larome-paris.com\/en\/wp-json\/wp\/v2\/pages\/322420","targetHints":{"allow":["GET"]}}],"collection":[{"href":"https:\/\/larome-paris.com\/en\/wp-json\/wp\/v2\/pages"}],"about":[{"href":"https:\/\/larome-paris.com\/en\/wp-json\/wp\/v2\/types\/page"}],"author":[{"embeddable":true,"href":"https:\/\/larome-paris.com\/en\/wp-json\/wp\/v2\/users\/1"}],"replies":[{"embeddable":true,"href":"https:\/\/larome-paris.com\/en\/wp-json\/wp\/v2\/comments?post=322420"}],"version-history":[{"count":9,"href":"https:\/\/larome-paris.com\/en\/wp-json\/wp\/v2\/pages\/322420\/revisions"}],"predecessor-version":[{"id":601576,"href":"https:\/\/larome-paris.com\/en\/wp-json\/wp\/v2\/pages\/322420\/revisions\/601576"}],"up":[{"embeddable":true,"href":"https:\/\/larome-paris.com\/en\/wp-json\/wp\/v2\/pages\/322394"}],"wp:attachment":[{"href":"https:\/\/larome-paris.com\/en\/wp-json\/wp\/v2\/media?parent=322420"}],"curies":[{"name":"wp","href":"https:\/\/api.w.org\/{rel}","templated":true}]}}