{"id":322385,"date":"2020-04-26T18:31:18","date_gmt":"2020-04-26T16:31:18","guid":{"rendered":"https:\/\/larome-paris.com\/click-and-collect-livraisons\/"},"modified":"2020-06-05T20:51:11","modified_gmt":"2020-06-05T18:51:11","slug":"click-and-collect-livraisons","status":"publish","type":"page","link":"https:\/\/larome-paris.com\/en\/click-and-collect-livraisons\/","title":{"rendered":"L&#8217;Ar\u00f4me chez vous ou au bureau"},"content":{"rendered":"<div id=\"pl-322385\"  class=\"panel-layout\" ><div id=\"pg-322385-0\"  class=\"panel-grid panel-has-style\" ><div class=\"corp-boxed panel-row-style panel-row-style-for-322385-0\" ><div id=\"pgc-322385-0-0\"  class=\"panel-grid-cell\" ><div id=\"panel-322385-0-0-0\" class=\"so-panel widget widget_media_image panel-first-child panel-last-child\" data-index=\"0\" ><a href=\"https:\/\/larome.bonkdo.com\/fr\/clickandcollect\/\"><img decoding=\"async\" width=\"800\" height=\"800\" src=\"https:\/\/larome-paris.com\/wp-content\/uploads\/2020\/05\/larome-livraison-click-and-collect.jpg\" class=\"image wp-image-316366  attachment-full size-full\" alt=\"L&#039;Ar\u00f4me - Livraisons - Click &amp; Collect\" style=\"max-width: 100%; height: auto;\" srcset=\"https:\/\/larome-paris.com\/wp-content\/uploads\/2020\/05\/larome-livraison-click-and-collect.jpg 800w, https:\/\/larome-paris.com\/wp-content\/uploads\/2020\/05\/larome-livraison-click-and-collect-300x300.jpg 300w, https:\/\/larome-paris.com\/wp-content\/uploads\/2020\/05\/larome-livraison-click-and-collect-150x150.jpg 150w, https:\/\/larome-paris.com\/wp-content\/uploads\/2020\/05\/larome-livraison-click-and-collect-768x768.jpg 768w, https:\/\/larome-paris.com\/wp-content\/uploads\/2020\/05\/larome-livraison-click-and-collect-500x500.jpg 500w\" sizes=\"(max-width: 800px) 100vw, 800px\" \/><\/a><\/div><\/div><div id=\"pgc-322385-0-1\"  class=\"panel-grid-cell\" ><div id=\"panel-322385-0-1-0\" class=\"so-panel widget widget_sow-editor panel-first-child\" data-index=\"1\" ><div class=\"panel-widget-style panel-widget-style-for-322385-0-1-0\" ><div\n\t\t\t\n\t\t\tclass=\"so-widget-sow-editor so-widget-sow-editor-base\"\n\t\t\t\n\t\t>\n<div class=\"siteorigin-widget-tinymce textwidget\">\n\t<div>Chers clients,<\/div>\n<div><\/div>\n<div>En attendant de pouvoir vous accueillir de nouveau dans notre \u00e9tablissement, toute l'\u00e9quipe se met \u00e0 l'oeuvre pour vous proposer plein de bonnes choses...<\/div>\n<p>&nbsp;<\/p>\n<div>Nous avons pour cela travaill\u00e9 sur une nouvelle carte <strong>en livraison ou \u00e0 emporter<\/strong>. De quoi vivre \u00e0 la maison ou au bureau une nouvelle exp\u00e9rience \"L'Ar\u00f4me\".<\/div>\n<\/div>\n<\/div><\/div><\/div><div id=\"panel-322385-0-1-1\" class=\"so-panel widget widget_sow-button panel-last-child\" data-index=\"2\" ><div class=\"bouton4 panel-widget-style panel-widget-style-for-322385-0-1-1\" ><div\n\t\t\t\n\t\t\tclass=\"so-widget-sow-button so-widget-sow-button-flat-f54c0409268f-322385\"\n\t\t\t\n\t\t><div class=\"ow-button-base ow-button-align-center\"\n>\n\t\t\t<a\n\t\t\t\t\thref=\"https:\/\/larome.bonkdo.com\/fr\/clickandcollect\/\"\n\t\t\t\t\tclass=\"sowb-button ow-icon-placement-left ow-button-hover\" target=\"_blank\" rel=\"noopener noreferrer\" \t>\n\t\t<span>\n\t\t\t\n\t\t\tCommandez en ligne\t\t<\/span>\n\t\t\t<\/a>\n\t<\/div>\n<\/div><\/div><\/div><\/div><\/div><\/div><\/div>","protected":false},"excerpt":{"rendered":"<p>Chers clients, En attendant de pouvoir vous accueillir de nouveau dans notre \u00e9tablissement, toute l&#8217;\u00e9quipe se met \u00e0 l&#8217;oeuvre pour vous proposer plein de bonnes [&hellip;]<\/p>\n","protected":false},"author":1,"featured_media":0,"parent":0,"menu_order":1,"comment_status":"closed","ping_status":"closed","template":"","meta":{"_mbp_gutenberg_autopost":false,"footnotes":""},"class_list":["post-322385","page","type-page","status-publish","hentry","post"],"yoast_head":"<!-- This site is optimized with the Yoast SEO plugin v27.4 - https:\/\/yoast.com\/product\/yoast-seo-wordpress\/ -->\n<title>L&#039;Ar\u00f4me chez vous ou au bureau - L&#039;Ar\u00f4me<\/title>\n<meta name=\"robots\" content=\"index, follow, max-snippet:-1, max-image-preview:large, max-video-preview:-1\" \/>\n<link rel=\"canonical\" href=\"https:\/\/larome-paris.com\/en\/click-and-collect-livraisons\/\" \/>\n<meta property=\"og:locale\" content=\"en_US\" \/>\n<meta property=\"og:type\" content=\"article\" \/>\n<meta property=\"og:title\" content=\"L&#039;Ar\u00f4me chez vous ou au bureau - L&#039;Ar\u00f4me\" \/>\n<meta property=\"og:description\" content=\"Chers clients, En attendant de pouvoir vous accueillir de nouveau dans notre \u00e9tablissement, toute l&#039;\u00e9quipe se met \u00e0 l&#039;oeuvre pour vous proposer plein de bonnes [&hellip;]\" \/>\n<meta property=\"og:url\" content=\"https:\/\/larome-paris.com\/en\/click-and-collect-livraisons\/\" \/>\n<meta property=\"og:site_name\" content=\"L&#039;Ar\u00f4me\" \/>\n<meta property=\"article:publisher\" content=\"https:\/\/www.facebook.com\/laromeparis\" \/>\n<meta property=\"article:modified_time\" content=\"2020-06-05T18:51:11+00:00\" \/>\n<meta property=\"og:image\" content=\"https:\/\/larome-paris.com\/wp-content\/uploads\/2020\/03\/Salle-principal_1520.jpg\" \/>\n\t<meta property=\"og:image:width\" content=\"1520\" \/>\n\t<meta property=\"og:image:height\" content=\"1013\" \/>\n\t<meta property=\"og:image:type\" content=\"image\/jpeg\" \/>\n<meta name=\"twitter:card\" content=\"summary_large_image\" \/>\n<script type=\"application\/ld+json\" class=\"yoast-schema-graph\">{\"@context\":\"https:\\\/\\\/schema.org\",\"@graph\":[{\"@type\":\"WebPage\",\"@id\":\"https:\\\/\\\/larome-paris.com\\\/en\\\/click-and-collect-livraisons\\\/\",\"url\":\"https:\\\/\\\/larome-paris.com\\\/en\\\/click-and-collect-livraisons\\\/\",\"name\":\"L'Ar\u00f4me chez vous ou au bureau - L&#039;Ar\u00f4me\",\"isPartOf\":{\"@id\":\"https:\\\/\\\/larome-paris.com\\\/en\\\/#website\"},\"datePublished\":\"2020-04-26T16:31:18+00:00\",\"dateModified\":\"2020-06-05T18:51:11+00:00\",\"breadcrumb\":{\"@id\":\"https:\\\/\\\/larome-paris.com\\\/en\\\/click-and-collect-livraisons\\\/#breadcrumb\"},\"inLanguage\":\"en-US\",\"potentialAction\":[{\"@type\":\"ReadAction\",\"target\":[\"https:\\\/\\\/larome-paris.com\\\/en\\\/click-and-collect-livraisons\\\/\"]}]},{\"@type\":\"BreadcrumbList\",\"@id\":\"https:\\\/\\\/larome-paris.com\\\/en\\\/click-and-collect-livraisons\\\/#breadcrumb\",\"itemListElement\":[{\"@type\":\"ListItem\",\"position\":1,\"name\":\"Accueil\",\"item\":\"https:\\\/\\\/larome-paris.com\\\/en\\\/accueil-nouveau-2\\\/\"},{\"@type\":\"ListItem\",\"position\":2,\"name\":\"L&#8217;Ar\u00f4me chez vous ou au bureau\"}]},{\"@type\":\"WebSite\",\"@id\":\"https:\\\/\\\/larome-paris.com\\\/en\\\/#website\",\"url\":\"https:\\\/\\\/larome-paris.com\\\/en\\\/\",\"name\":\"L'Ar\u00f4me\",\"description\":\"1 \u00e9toile Michelin depuis 2009\",\"publisher\":{\"@id\":\"https:\\\/\\\/larome-paris.com\\\/en\\\/#organization\"},\"potentialAction\":[{\"@type\":\"SearchAction\",\"target\":{\"@type\":\"EntryPoint\",\"urlTemplate\":\"https:\\\/\\\/larome-paris.com\\\/en\\\/?s={search_term_string}\"},\"query-input\":{\"@type\":\"PropertyValueSpecification\",\"valueRequired\":true,\"valueName\":\"search_term_string\"}}],\"inLanguage\":\"en-US\"},{\"@type\":\"Organization\",\"@id\":\"https:\\\/\\\/larome-paris.com\\\/en\\\/#organization\",\"name\":\"L'Ar\u00f4me Paris\",\"url\":\"https:\\\/\\\/larome-paris.com\\\/en\\\/\",\"logo\":{\"@type\":\"ImageObject\",\"inLanguage\":\"en-US\",\"@id\":\"https:\\\/\\\/larome-paris.com\\\/en\\\/#\\\/schema\\\/logo\\\/image\\\/\",\"url\":\"https:\\\/\\\/larome-paris.com\\\/wp-content\\\/uploads\\\/2025\\\/07\\\/logo-larome-svg-1.svg\",\"contentUrl\":\"https:\\\/\\\/larome-paris.com\\\/wp-content\\\/uploads\\\/2025\\\/07\\\/logo-larome-svg-1.svg\",\"width\":206,\"height\":212,\"caption\":\"L'Ar\u00f4me Paris\"},\"image\":{\"@id\":\"https:\\\/\\\/larome-paris.com\\\/en\\\/#\\\/schema\\\/logo\\\/image\\\/\"},\"sameAs\":[\"https:\\\/\\\/www.facebook.com\\\/laromeparis\",\"https:\\\/\\\/www.instagram.com\\\/laromerestaurantparis\\\/\",\"https:\\\/\\\/fr.linkedin.com\\\/company\\\/l-ar\u00f4me-paris\"]}]}<\/script>\n<!-- \/ Yoast SEO plugin. -->","yoast_head_json":{"title":"L'Ar\u00f4me chez vous ou au bureau - L&#039;Ar\u00f4me","robots":{"index":"index","follow":"follow","max-snippet":"max-snippet:-1","max-image-preview":"max-image-preview:large","max-video-preview":"max-video-preview:-1"},"canonical":"https:\/\/larome-paris.com\/en\/click-and-collect-livraisons\/","og_locale":"en_US","og_type":"article","og_title":"L'Ar\u00f4me chez vous ou au bureau - L&#039;Ar\u00f4me","og_description":"Chers clients, En attendant de pouvoir vous accueillir de nouveau dans notre \u00e9tablissement, toute l'\u00e9quipe se met \u00e0 l'oeuvre pour vous proposer plein de bonnes [&hellip;]","og_url":"https:\/\/larome-paris.com\/en\/click-and-collect-livraisons\/","og_site_name":"L&#039;Ar\u00f4me","article_publisher":"https:\/\/www.facebook.com\/laromeparis","article_modified_time":"2020-06-05T18:51:11+00:00","og_image":[{"width":1520,"height":1013,"url":"https:\/\/larome-paris.com\/wp-content\/uploads\/2020\/03\/Salle-principal_1520.jpg","type":"image\/jpeg"}],"twitter_card":"summary_large_image","schema":{"@context":"https:\/\/schema.org","@graph":[{"@type":"WebPage","@id":"https:\/\/larome-paris.com\/en\/click-and-collect-livraisons\/","url":"https:\/\/larome-paris.com\/en\/click-and-collect-livraisons\/","name":"L'Ar\u00f4me chez vous ou au bureau - L&#039;Ar\u00f4me","isPartOf":{"@id":"https:\/\/larome-paris.com\/en\/#website"},"datePublished":"2020-04-26T16:31:18+00:00","dateModified":"2020-06-05T18:51:11+00:00","breadcrumb":{"@id":"https:\/\/larome-paris.com\/en\/click-and-collect-livraisons\/#breadcrumb"},"inLanguage":"en-US","potentialAction":[{"@type":"ReadAction","target":["https:\/\/larome-paris.com\/en\/click-and-collect-livraisons\/"]}]},{"@type":"BreadcrumbList","@id":"https:\/\/larome-paris.com\/en\/click-and-collect-livraisons\/#breadcrumb","itemListElement":[{"@type":"ListItem","position":1,"name":"Accueil","item":"https:\/\/larome-paris.com\/en\/accueil-nouveau-2\/"},{"@type":"ListItem","position":2,"name":"L&#8217;Ar\u00f4me chez vous ou au bureau"}]},{"@type":"WebSite","@id":"https:\/\/larome-paris.com\/en\/#website","url":"https:\/\/larome-paris.com\/en\/","name":"L'Ar\u00f4me","description":"1 \u00e9toile Michelin depuis 2009","publisher":{"@id":"https:\/\/larome-paris.com\/en\/#organization"},"potentialAction":[{"@type":"SearchAction","target":{"@type":"EntryPoint","urlTemplate":"https:\/\/larome-paris.com\/en\/?s={search_term_string}"},"query-input":{"@type":"PropertyValueSpecification","valueRequired":true,"valueName":"search_term_string"}}],"inLanguage":"en-US"},{"@type":"Organization","@id":"https:\/\/larome-paris.com\/en\/#organization","name":"L'Ar\u00f4me Paris","url":"https:\/\/larome-paris.com\/en\/","logo":{"@type":"ImageObject","inLanguage":"en-US","@id":"https:\/\/larome-paris.com\/en\/#\/schema\/logo\/image\/","url":"https:\/\/larome-paris.com\/wp-content\/uploads\/2025\/07\/logo-larome-svg-1.svg","contentUrl":"https:\/\/larome-paris.com\/wp-content\/uploads\/2025\/07\/logo-larome-svg-1.svg","width":206,"height":212,"caption":"L'Ar\u00f4me Paris"},"image":{"@id":"https:\/\/larome-paris.com\/en\/#\/schema\/logo\/image\/"},"sameAs":["https:\/\/www.facebook.com\/laromeparis","https:\/\/www.instagram.com\/laromerestaurantparis\/","https:\/\/fr.linkedin.com\/company\/l-ar\u00f4me-paris"]}]}},"_links":{"self":[{"href":"https:\/\/larome-paris.com\/en\/wp-json\/wp\/v2\/pages\/322385","targetHints":{"allow":["GET"]}}],"collection":[{"href":"https:\/\/larome-paris.com\/en\/wp-json\/wp\/v2\/pages"}],"about":[{"href":"https:\/\/larome-paris.com\/en\/wp-json\/wp\/v2\/types\/page"}],"author":[{"embeddable":true,"href":"https:\/\/larome-paris.com\/en\/wp-json\/wp\/v2\/users\/1"}],"replies":[{"embeddable":true,"href":"https:\/\/larome-paris.com\/en\/wp-json\/wp\/v2\/comments?post=322385"}],"version-history":[{"count":2,"href":"https:\/\/larome-paris.com\/en\/wp-json\/wp\/v2\/pages\/322385\/revisions"}],"predecessor-version":[{"id":322455,"href":"https:\/\/larome-paris.com\/en\/wp-json\/wp\/v2\/pages\/322385\/revisions\/322455"}],"wp:attachment":[{"href":"https:\/\/larome-paris.com\/en\/wp-json\/wp\/v2\/media?parent=322385"}],"curies":[{"name":"wp","href":"https:\/\/api.w.org\/{rel}","templated":true}]}}